{"id":942,"date":"2025-06-08T10:26:03","date_gmt":"2025-06-08T10:26:03","guid":{"rendered":"https:\/\/spornritter.com\/?page_id=942"},"modified":"2025-06-08T10:26:03","modified_gmt":"2025-06-08T10:26:03","slug":"besuch-im-landesmuseum-in-vaduz-im-fuerstentum-liechtenstein-am-07-06-2025","status":"publish","type":"page","link":"https:\/\/spornritter.com\/index.php\/besuch-im-landesmuseum-in-vaduz-im-fuerstentum-liechtenstein-am-07-06-2025\/","title":{"rendered":"Besuch im Landesmuseum in Vaduz im F\u00fcrstentum Liechtenstein am 07.06.2025"},"content":{"rendered":"\n<p>Im Vorfeld der Gedenkmesse von Herbert Freiherr von Heck nutze ich die M\u00f6glichkeit das Landesmuseum in Vaduz im F\u00fcrstentum Liechtenstein zu besuchen,<\/p>\n<p>Eine interessant Sonderausstellung ist zur Zeit die Phase des 2. Weltkrieges im F\u00fcrstentum. Gezeigt wird ebenfalls das jeweilige f\u00fcrstlich liechtensteinische Milit\u00e4rkontigents, welche nach der letzten Aktion des Bundeskontigents im Jahr 1866 durch F\u00fcrst Johann II. aufgel\u00f6st wurde.<\/p>\n<p>Zu sehen ist die Uniform des Kommandanten des letzten Kontigents. Landtagsabgeordneter, Hauptmann und Landestechniker Peter Rheinberger (03.01.1831 &#8211; 19.10.1894)<\/p>\n<p>Hier seine Biographie<\/p>\n<p><a href=\"https:\/\/spornritter.com\/wp-content\/uploads\/2025\/06\/Artikel_Rheinberger_Peter.pdf\">Artikel_Rheinberger_Peter<\/a><\/p>\n<p><a href=\"https:\/\/myalbum.com\/album\/Ri8w6TKcFas5mR\/\">Zur Bildergalerie<\/a><\/p>\n\n\n","protected":false},"excerpt":{"rendered":"<p>Im Vorfeld der Gedenkmesse von Herbert Freiherr von Heck nutze ich die M\u00f6glichkeit das Landesmuseum in Vaduz im F\u00fcrstentum Liechtenstein zu besuchen, Eine interessant Sonderausstellung ist zur Zeit die Phase des 2. Weltkrieges im F\u00fcrstentum. Gezeigt wird ebenfalls das jeweilige f\u00fcrstlich liechtensteinische Milit\u00e4rkontigents, welche nach der letzten Aktion des Bundeskontigents im Jahr 1866 durch F\u00fcrst [&hellip;]<\/p>\n","protected":false},"author":1,"featured_media":0,"parent":0,"menu_order":0,"comment_status":"closed","ping_status":"closed","template":"","meta":{"footnotes":""},"class_list":["post-942","page","type-page","status-publish","hentry"],"_links":{"self":[{"href":"https:\/\/spornritter.com\/index.php\/wp-json\/wp\/v2\/pages\/942","targetHints":{"allow":["GET"]}}],"collection":[{"href":"https:\/\/spornritter.com\/index.php\/wp-json\/wp\/v2\/pages"}],"about":[{"href":"https:\/\/spornritter.com\/index.php\/wp-json\/wp\/v2\/types\/page"}],"author":[{"embeddable":true,"href":"https:\/\/spornritter.com\/index.php\/wp-json\/wp\/v2\/users\/1"}],"replies":[{"embeddable":true,"href":"https:\/\/spornritter.com\/index.php\/wp-json\/wp\/v2\/comments?post=942"}],"version-history":[{"count":1,"href":"https:\/\/spornritter.com\/index.php\/wp-json\/wp\/v2\/pages\/942\/revisions"}],"predecessor-version":[{"id":943,"href":"https:\/\/spornritter.com\/index.php\/wp-json\/wp\/v2\/pages\/942\/revisions\/943"}],"wp:attachment":[{"href":"https:\/\/spornritter.com\/index.php\/wp-json\/wp\/v2\/media?parent=942"}],"curies":[{"name":"wp","href":"https:\/\/api.w.org\/{rel}","templated":true}]}}