{"id":913,"date":"2025-05-17T18:23:06","date_gmt":"2025-05-17T18:23:06","guid":{"rendered":"https:\/\/spornritter.com\/?page_id=913"},"modified":"2025-05-18T11:02:16","modified_gmt":"2025-05-18T11:02:16","slug":"flamme-des-friedens-enthuellung-von-2-denkmaeler-in-gyenesdias-in-ungarn","status":"publish","type":"page","link":"https:\/\/spornritter.com\/index.php\/flamme-des-friedens-enthuellung-von-2-denkmaeler-in-gyenesdias-in-ungarn\/","title":{"rendered":"Flamme des Friedens &#8211; Enth\u00fcllung von 2 Denkm\u00e4ler in Gyenesdi\u00e1s in Ungarn"},"content":{"rendered":"\n<p><a href=\"https:\/\/spornritter.com\/wp-content\/uploads\/2025\/05\/Banner_17.05.2025_Gyenesdias-scaled.jpg\"><img loading=\"lazy\" decoding=\"async\" class=\"aligncenter wp-image-912 size-large\" src=\"https:\/\/spornritter.com\/wp-content\/uploads\/2025\/05\/Banner_17.05.2025_Gyenesdias-1024x370.jpg\" alt=\"\" width=\"640\" height=\"231\" srcset=\"https:\/\/spornritter.com\/wp-content\/uploads\/2025\/05\/Banner_17.05.2025_Gyenesdias-1024x370.jpg 1024w, https:\/\/spornritter.com\/wp-content\/uploads\/2025\/05\/Banner_17.05.2025_Gyenesdias-300x108.jpg 300w, https:\/\/spornritter.com\/wp-content\/uploads\/2025\/05\/Banner_17.05.2025_Gyenesdias-768x277.jpg 768w, https:\/\/spornritter.com\/wp-content\/uploads\/2025\/05\/Banner_17.05.2025_Gyenesdias-1536x554.jpg 1536w, https:\/\/spornritter.com\/wp-content\/uploads\/2025\/05\/Banner_17.05.2025_Gyenesdias-2048x739.jpg 2048w\" sizes=\"auto, (max-width: 640px) 100vw, 640px\" \/><\/a><\/p>\n\n\n\n<p><a href=\"https:\/\/spornritter.com\/wp-content\/uploads\/2025\/05\/FB_IMG_1747563821273.jpg\"><img loading=\"lazy\" decoding=\"async\" class=\"aligncenter wp-image-922 size-large\" src=\"https:\/\/spornritter.com\/wp-content\/uploads\/2025\/05\/FB_IMG_1747563821273-1024x769.jpg\" alt=\"\" width=\"640\" height=\"481\" srcset=\"https:\/\/spornritter.com\/wp-content\/uploads\/2025\/05\/FB_IMG_1747563821273-1024x769.jpg 1024w, https:\/\/spornritter.com\/wp-content\/uploads\/2025\/05\/FB_IMG_1747563821273-300x225.jpg 300w, https:\/\/spornritter.com\/wp-content\/uploads\/2025\/05\/FB_IMG_1747563821273-768x577.jpg 768w, https:\/\/spornritter.com\/wp-content\/uploads\/2025\/05\/FB_IMG_1747563821273.jpg 1080w\" sizes=\"auto, (max-width: 640px) 100vw, 640px\" \/><\/a>17.05.2025 &#8211; Ritter Fabian Coulot, Grossprior der Schweiz<\/p>\n<p>Die Pr\u00e4sidentin der Friedensf\u00f6rderung &#8222;Flamme des Friedens&#8220; SKKH Herta von Habsburg-Lothringen hat durch den Delegierten von Ungarn P\u00e9ter B\u00e1rdossy zur festlichen Einweihung von 2 &#8222;Flamme des Friedens &#8211; Denkm\u00e4ler&#8220; und \u00dcbergabe an die Bev\u00f6lkerung nach Gyenesdi\u00e1s nach Ungarn geladen. Gyenesdi\u00e1s liegt im n\u00f6rdlichen Teil des Balaton (Plattensee) neben Keszthely.<\/p>\n<p>Das erste kleinere Denkmal wurde auf dem Schulgel\u00e4nde der Kunst Grundschule &#8222;J\u00e1nos K\u00e1rp\u00e1ti&#8220; feierlich enth\u00fcllt. Vorg\u00e4ngig begr\u00fcsste der Direktor Herr Tam\u00e1s Lancz die geladenen G\u00e4ste in der Aula der Schule bei einem Apero, Kaffee und Knappersachen. Die Aula war dekoriert mit Bildern welche die Sch\u00fcler vorg\u00e4ngig zum Thema &#8222;Frieden&#8220; gezeichnet haben. Bei der Enth\u00fcllung des Denkmals untermalte der Schul-Kinder-Chor die G\u00e4stescharr aus nah und fern.<\/p>\n<p>Danach verschob man sich zur Di\u00e1ser Kirche f\u00fcr die Heilige Messe. Auf dem Friedhof der Kirche befindet sich das Familiengrab von J\u00e1nos K\u00e1rp\u00e1ti (30.03.1865 &#8211; 24.11.1953) , dem Namensgeber der Kunst-Grundschule. Er heiratete am 25.11.1886 Ilona B\u00e1rdossy. Ilona ist die Schwester eines direkten Vorfahren von P\u00e9ter B\u00e1rdossy, dem Organisator dieses Festaktes. Die B\u00e1rdossys lebten und angagierten sich in dieser Gegend. J\u00e1nos K\u00e1rp\u00e1ti war Lehrer und Gr\u00fcnder des Schwimmvereins, er war 20 Jahre lang Schwimmmeister in Keszthely, Landwirt,\u00a0 Weininspektor ferner war er mit seiner Frau Postmeister in Gyenesdi\u00e1s.<\/p>\n<p>Danach fand in der Aula des Rathauses der erste Teil des Festaktes f\u00fcr die Enth\u00fcllung des zweiten Denkmals statt. Der B\u00fcrgermeister von Gyenesdi\u00e1s Herr Lajos G\u00e1l \u00fcbermittelte in seiner Begr\u00fcssungsansprache auch die Grussworte des Ministerpr\u00e4sidenten von Ungarn Herrn Viktor Orb\u00e1n. Neben den Angeh\u00f6rigen des Ritterordens vom Goldenen Sporn waren weitere Vertreter von Traditionsvormationen sowie der Austria-Imperialis anwesend, sowie die B\u00fcrgermeister aus den umgrenzenden Gemeinden und aus dem Komitat.<\/p>\n<p>Zu Beginn der Festreden er\u00f6ffnete die Schul-Kinder-Chor des Festakt und dieser endete in der Aula mit dem Volksmusikensemble &#8222;Glockenturm&#8220;. Die G\u00e4stescharr begab sich am Anschluss zu Fuss an die Gemeindegrenze zu Keszthely. In einem grossen Verkehrskreisel wurde das grosse Denkmal enth\u00fcllt. Die einte Seite der Fl\u00e4che in Gyenesdi\u00e1s, die andere H\u00e4lfte in Keszthely, daher war auch Dr. Gergely T\u00f3th, der B\u00fcrgermeister von Kesthely zugegen.<\/p>\n<p>Der Tag endete mit einem versp\u00e4teten Mittagessen in einem Etterem.<\/p>\n<p><a href=\"https:\/\/myalbum.com\/album\/cdEHZxEcA7tnRs\/\">zur Bildergalerie<\/a><\/p>\n","protected":false},"excerpt":{"rendered":"<p>17.05.2025 &#8211; Ritter Fabian Coulot, Grossprior der Schweiz Die Pr\u00e4sidentin der Friedensf\u00f6rderung &#8222;Flamme des Friedens&#8220; SKKH Herta von Habsburg-Lothringen hat durch den Delegierten von Ungarn P\u00e9ter B\u00e1rdossy zur festlichen Einweihung von 2 &#8222;Flamme des Friedens &#8211; Denkm\u00e4ler&#8220; und \u00dcbergabe an die Bev\u00f6lkerung nach Gyenesdi\u00e1s nach Ungarn geladen. Gyenesdi\u00e1s liegt im n\u00f6rdlichen Teil des Balaton (Plattensee) [&hellip;]<\/p>\n","protected":false},"author":1,"featured_media":0,"parent":0,"menu_order":0,"comment_status":"closed","ping_status":"closed","template":"","meta":{"footnotes":""},"class_list":["post-913","page","type-page","status-publish","hentry"],"_links":{"self":[{"href":"https:\/\/spornritter.com\/index.php\/wp-json\/wp\/v2\/pages\/913","targetHints":{"allow":["GET"]}}],"collection":[{"href":"https:\/\/spornritter.com\/index.php\/wp-json\/wp\/v2\/pages"}],"about":[{"href":"https:\/\/spornritter.com\/index.php\/wp-json\/wp\/v2\/types\/page"}],"author":[{"embeddable":true,"href":"https:\/\/spornritter.com\/index.php\/wp-json\/wp\/v2\/users\/1"}],"replies":[{"embeddable":true,"href":"https:\/\/spornritter.com\/index.php\/wp-json\/wp\/v2\/comments?post=913"}],"version-history":[{"count":9,"href":"https:\/\/spornritter.com\/index.php\/wp-json\/wp\/v2\/pages\/913\/revisions"}],"predecessor-version":[{"id":928,"href":"https:\/\/spornritter.com\/index.php\/wp-json\/wp\/v2\/pages\/913\/revisions\/928"}],"wp:attachment":[{"href":"https:\/\/spornritter.com\/index.php\/wp-json\/wp\/v2\/media?parent=913"}],"curies":[{"name":"wp","href":"https:\/\/api.w.org\/{rel}","templated":true}]}}