{"id":894,"date":"2025-05-06T15:50:35","date_gmt":"2025-05-06T15:50:35","guid":{"rendered":"https:\/\/spornritter.com\/?page_id=894"},"modified":"2025-06-28T13:21:35","modified_gmt":"2025-06-28T13:21:35","slug":"gastbesuche-bei-befreundeten-ritterorden","status":"publish","type":"page","link":"https:\/\/spornritter.com\/index.php\/gastbesuche-bei-befreundeten-ritterorden\/","title":{"rendered":"Gastbesuche bei befreundeten Ritterorden"},"content":{"rendered":"\n<p>27.04.2025&nbsp;&nbsp;&nbsp;&nbsp;&nbsp;&nbsp;&nbsp;&nbsp;&nbsp;<\/p>\n<p><a href=\"https:\/\/spornritter.com\/index.php\/27-04-2025-in-schaffhausen\/\">Konvent und Investitur DEUTSCHER RITTERORDEN ST.GEORG in Schaffhausen<\/a><\/p>\n<p>17.05.2025&nbsp;&nbsp;&nbsp;&nbsp;&nbsp;&nbsp;&nbsp;&nbsp;&nbsp;<\/p>\n<p><a href=\"https:\/\/spornritter.com\/index.php\/flamme-des-friedens-enthuellung-von-2-denkmaeler-in-gyenesdias-in-ungarn\/\"> Enth\u00fcllung Denkmal der Friedensf\u00f6rderung &#8222;Flamme des Friedens&#8220; in Gyenesdi\u00e1s (HU)<\/a><\/p>\n\n\n\n<p>07.06.2025<\/p>\n<p><a href=\"https:\/\/spornritter.com\/index.php\/gedenkmesse-herbert-freiherr-von-heck-am-07-06-2025-in-eschen-li\/\">Gedenkmesse f\u00fcr Herbert Freiherr von Heck in Eschen im F\u00fcrstentum Liechtenstein<\/a><\/p>\n<p>28.06.2025<\/p>\n<p><a href=\"https:\/\/spornritter.com\/index.php\/28-06-2025-abdankung-oberst-i-tr-zoltan-kickinger\/\">28.06.2025 \u2013 Basilika Maria in Loretto Abdankung Oberst i.Tr. Zoltan Kickinger<\/a><\/p>\n\n\n","protected":false},"excerpt":{"rendered":"<p>27.04.2025&nbsp;&nbsp;&nbsp;&nbsp;&nbsp;&nbsp;&nbsp;&nbsp;&nbsp; Konvent und Investitur DEUTSCHER RITTERORDEN ST.GEORG in Schaffhausen 17.05.2025&nbsp;&nbsp;&nbsp;&nbsp;&nbsp;&nbsp;&nbsp;&nbsp;&nbsp; Enth\u00fcllung Denkmal der Friedensf\u00f6rderung &#8222;Flamme des Friedens&#8220; in Gyenesdi\u00e1s (HU) 07.06.2025 Gedenkmesse f\u00fcr Herbert Freiherr von Heck in Eschen im F\u00fcrstentum Liechtenstein 28.06.2025 28.06.2025 \u2013 Basilika Maria in Loretto Abdankung Oberst i.Tr. Zoltan Kickinger<\/p>\n","protected":false},"author":1,"featured_media":0,"parent":0,"menu_order":0,"comment_status":"closed","ping_status":"closed","template":"","meta":{"footnotes":""},"class_list":["post-894","page","type-page","status-publish","hentry"],"_links":{"self":[{"href":"https:\/\/spornritter.com\/index.php\/wp-json\/wp\/v2\/pages\/894","targetHints":{"allow":["GET"]}}],"collection":[{"href":"https:\/\/spornritter.com\/index.php\/wp-json\/wp\/v2\/pages"}],"about":[{"href":"https:\/\/spornritter.com\/index.php\/wp-json\/wp\/v2\/types\/page"}],"author":[{"embeddable":true,"href":"https:\/\/spornritter.com\/index.php\/wp-json\/wp\/v2\/users\/1"}],"replies":[{"embeddable":true,"href":"https:\/\/spornritter.com\/index.php\/wp-json\/wp\/v2\/comments?post=894"}],"version-history":[{"count":7,"href":"https:\/\/spornritter.com\/index.php\/wp-json\/wp\/v2\/pages\/894\/revisions"}],"predecessor-version":[{"id":952,"href":"https:\/\/spornritter.com\/index.php\/wp-json\/wp\/v2\/pages\/894\/revisions\/952"}],"wp:attachment":[{"href":"https:\/\/spornritter.com\/index.php\/wp-json\/wp\/v2\/media?parent=894"}],"curies":[{"name":"wp","href":"https:\/\/api.w.org\/{rel}","templated":true}]}}