{"id":885,"date":"2025-04-14T15:32:11","date_gmt":"2025-04-14T15:32:11","guid":{"rendered":"https:\/\/spornritter.com\/?page_id=885"},"modified":"2025-04-14T15:39:11","modified_gmt":"2025-04-14T15:39:11","slug":"die-letzten-original-spornritter-1918","status":"publish","type":"page","link":"https:\/\/spornritter.com\/index.php\/die-letzten-original-spornritter-1918\/","title":{"rendered":"Die letzten Original Spornritter 1916"},"content":{"rendered":"\n<p>Am 30. Dezember 1916 fand in Budapest die Kr\u00f6nung von Karl I. von Habsburg-Lothringen zum K\u00f6nig von Ungarn statt.<\/p>\n<p>Unmittelbar nach der Kr\u00f6nungszeremonie erhielten 47 Soldaten den Schwertschlag zu Rittern.\u00a0<\/p>\n<p><a href=\"http:\/\/www.hungarianarmedforces.com\/as\/19161230\/alap.htm\">Hier Ihre Geschichte<\/a><\/p>\n\n\n\n<p>19 von den 47 Spornritter sind mit dem Grossprior der Schweiz verwandt.<\/p>\n<p><a href=\"https:\/\/coulot.info\/Coulot\/Zumkeller\/spornritter.htm\">Hier die Verwandschaftsverbindungen<\/a><\/p>\n\n\n","protected":false},"excerpt":{"rendered":"<p>Am 30. Dezember 1916 fand in Budapest die Kr\u00f6nung von Karl I. von Habsburg-Lothringen zum K\u00f6nig von Ungarn statt. Unmittelbar nach der Kr\u00f6nungszeremonie erhielten 47 Soldaten den Schwertschlag zu Rittern.\u00a0 Hier Ihre Geschichte 19 von den 47 Spornritter sind mit dem Grossprior der Schweiz verwandt. Hier die Verwandschaftsverbindungen<\/p>\n","protected":false},"author":1,"featured_media":0,"parent":0,"menu_order":0,"comment_status":"closed","ping_status":"closed","template":"","meta":{"footnotes":""},"class_list":["post-885","page","type-page","status-publish","hentry"],"_links":{"self":[{"href":"https:\/\/spornritter.com\/index.php\/wp-json\/wp\/v2\/pages\/885","targetHints":{"allow":["GET"]}}],"collection":[{"href":"https:\/\/spornritter.com\/index.php\/wp-json\/wp\/v2\/pages"}],"about":[{"href":"https:\/\/spornritter.com\/index.php\/wp-json\/wp\/v2\/types\/page"}],"author":[{"embeddable":true,"href":"https:\/\/spornritter.com\/index.php\/wp-json\/wp\/v2\/users\/1"}],"replies":[{"embeddable":true,"href":"https:\/\/spornritter.com\/index.php\/wp-json\/wp\/v2\/comments?post=885"}],"version-history":[{"count":3,"href":"https:\/\/spornritter.com\/index.php\/wp-json\/wp\/v2\/pages\/885\/revisions"}],"predecessor-version":[{"id":888,"href":"https:\/\/spornritter.com\/index.php\/wp-json\/wp\/v2\/pages\/885\/revisions\/888"}],"wp:attachment":[{"href":"https:\/\/spornritter.com\/index.php\/wp-json\/wp\/v2\/media?parent=885"}],"curies":[{"name":"wp","href":"https:\/\/api.w.org\/{rel}","templated":true}]}}