{"id":827,"date":"2025-04-04T12:48:54","date_gmt":"2025-04-04T12:48:54","guid":{"rendered":"https:\/\/spornritter.com\/?page_id=827"},"modified":"2025-05-27T21:32:27","modified_gmt":"2025-05-27T21:32:27","slug":"gruendung-grosspriorat-schweiz","status":"publish","type":"page","link":"https:\/\/spornritter.com\/index.php\/gruendung-grosspriorat-schweiz\/","title":{"rendered":"Gr\u00fcndung Grosspriorat Schweiz"},"content":{"rendered":"\n<p>Anl\u00e4sslich der Investitur vom 1. April 2025 in Funchal auf Madeira (P) wurde Ritter Fabian Coulot, Prior von Basel-Stadt (CH) durch den Grossmeister SKKH Sandor von Habsburg-Lothringen zum Grossprior f\u00fcr die Schweiz bef\u00f6rdert.<\/p>\n<p><a href=\"https:\/\/spornritter.com\/wp-content\/uploads\/2025\/04\/Gruendungsurkunde_Grosspriorat_Schweiz_2025-scaled.jpg\"><img loading=\"lazy\" decoding=\"async\" class=\"wp-image-834 size-large aligncenter\" src=\"https:\/\/spornritter.com\/wp-content\/uploads\/2025\/04\/Gruendungsurkunde_Grosspriorat_Schweiz_2025-1024x685.jpg\" alt=\"\" width=\"640\" height=\"428\" srcset=\"https:\/\/spornritter.com\/wp-content\/uploads\/2025\/04\/Gruendungsurkunde_Grosspriorat_Schweiz_2025-1024x685.jpg 1024w, https:\/\/spornritter.com\/wp-content\/uploads\/2025\/04\/Gruendungsurkunde_Grosspriorat_Schweiz_2025-300x201.jpg 300w, https:\/\/spornritter.com\/wp-content\/uploads\/2025\/04\/Gruendungsurkunde_Grosspriorat_Schweiz_2025-768x514.jpg 768w, https:\/\/spornritter.com\/wp-content\/uploads\/2025\/04\/Gruendungsurkunde_Grosspriorat_Schweiz_2025-1536x1027.jpg 1536w, https:\/\/spornritter.com\/wp-content\/uploads\/2025\/04\/Gruendungsurkunde_Grosspriorat_Schweiz_2025-2048x1370.jpg 2048w\" sizes=\"auto, (max-width: 640px) 100vw, 640px\" \/><\/a><\/p>\n<p style=\"text-align: center;\">Durch meine zweite Leidenschaft der Genealogie, kann man hier die famili\u00e4re Verbindung sehen.<\/p>\n\n\n\n<p><a href=\"https:\/\/spornritter.com\/wp-content\/uploads\/2025\/05\/Stammbaum_Coulot_Sandor_Habsburg_Lothringen_01.04.2025.jpg\"><img loading=\"lazy\" decoding=\"async\" class=\"aligncenter wp-image-930 size-large\" src=\"https:\/\/spornritter.com\/wp-content\/uploads\/2025\/05\/Stammbaum_Coulot_Sandor_Habsburg_Lothringen_01.04.2025-643x1024.jpg\" alt=\"\" width=\"640\" height=\"1019\" srcset=\"https:\/\/spornritter.com\/wp-content\/uploads\/2025\/05\/Stammbaum_Coulot_Sandor_Habsburg_Lothringen_01.04.2025-643x1024.jpg 643w, https:\/\/spornritter.com\/wp-content\/uploads\/2025\/05\/Stammbaum_Coulot_Sandor_Habsburg_Lothringen_01.04.2025-188x300.jpg 188w, https:\/\/spornritter.com\/wp-content\/uploads\/2025\/05\/Stammbaum_Coulot_Sandor_Habsburg_Lothringen_01.04.2025-768x1222.jpg 768w, https:\/\/spornritter.com\/wp-content\/uploads\/2025\/05\/Stammbaum_Coulot_Sandor_Habsburg_Lothringen_01.04.2025-965x1536.jpg 965w, https:\/\/spornritter.com\/wp-content\/uploads\/2025\/05\/Stammbaum_Coulot_Sandor_Habsburg_Lothringen_01.04.2025.jpg 1102w\" sizes=\"auto, (max-width: 640px) 100vw, 640px\" \/><\/a><\/p>\n<p><a href=\"https:\/\/spornritter.com\/wp-content\/uploads\/2025\/04\/Grossmeister_Grossprior_Schweiz_2025.jpg\"><img loading=\"lazy\" decoding=\"async\" class=\"aligncenter wp-image-840 size-large\" src=\"https:\/\/spornritter.com\/wp-content\/uploads\/2025\/04\/Grossmeister_Grossprior_Schweiz_2025-707x1024.jpg\" alt=\"\" width=\"640\" height=\"927\" srcset=\"https:\/\/spornritter.com\/wp-content\/uploads\/2025\/04\/Grossmeister_Grossprior_Schweiz_2025-707x1024.jpg 707w, https:\/\/spornritter.com\/wp-content\/uploads\/2025\/04\/Grossmeister_Grossprior_Schweiz_2025-207x300.jpg 207w, https:\/\/spornritter.com\/wp-content\/uploads\/2025\/04\/Grossmeister_Grossprior_Schweiz_2025-768x1112.jpg 768w, https:\/\/spornritter.com\/wp-content\/uploads\/2025\/04\/Grossmeister_Grossprior_Schweiz_2025-1061x1536.jpg 1061w, https:\/\/spornritter.com\/wp-content\/uploads\/2025\/04\/Grossmeister_Grossprior_Schweiz_2025.jpg 1414w\" sizes=\"auto, (max-width: 640px) 100vw, 640px\" \/><\/a><a href=\"https:\/\/spornritter.com\/wp-content\/uploads\/2025\/04\/Urkunde_Befoerderung_Grossprior_2025-scaled.jpg\"><img loading=\"lazy\" decoding=\"async\" class=\"aligncenter wp-image-835 size-large\" src=\"https:\/\/spornritter.com\/wp-content\/uploads\/2025\/04\/Urkunde_Befoerderung_Grossprior_2025-744x1024.jpg\" alt=\"\" width=\"640\" height=\"881\" srcset=\"https:\/\/spornritter.com\/wp-content\/uploads\/2025\/04\/Urkunde_Befoerderung_Grossprior_2025-744x1024.jpg 744w, https:\/\/spornritter.com\/wp-content\/uploads\/2025\/04\/Urkunde_Befoerderung_Grossprior_2025-218x300.jpg 218w, https:\/\/spornritter.com\/wp-content\/uploads\/2025\/04\/Urkunde_Befoerderung_Grossprior_2025-768x1056.jpg 768w, https:\/\/spornritter.com\/wp-content\/uploads\/2025\/04\/Urkunde_Befoerderung_Grossprior_2025-1117x1536.jpg 1117w, https:\/\/spornritter.com\/wp-content\/uploads\/2025\/04\/Urkunde_Befoerderung_Grossprior_2025-1489x2048.jpg 1489w, https:\/\/spornritter.com\/wp-content\/uploads\/2025\/04\/Urkunde_Befoerderung_Grossprior_2025-scaled.jpg 1861w\" sizes=\"auto, (max-width: 640px) 100vw, 640px\" \/><\/a><\/p>\n\n\n\n<p>&nbsp;<\/p>\n<p>&nbsp;<\/p>\n<p>&nbsp;<\/p>\n<p>&nbsp;<\/p>\n\n\n\n<p>\u00a0<\/p>\n<p>\u00a0<\/p>\n<p>\u00a0<\/p>\n<p>\u00a0<\/p>\n<p>\u00a0<\/p>\n<p>\u00a0<\/p>\n","protected":false},"excerpt":{"rendered":"<p>Anl\u00e4sslich der Investitur vom 1. April 2025 in Funchal auf Madeira (P) wurde Ritter Fabian Coulot, Prior von Basel-Stadt (CH) durch den Grossmeister SKKH Sandor von Habsburg-Lothringen zum Grossprior f\u00fcr die Schweiz bef\u00f6rdert. Durch meine zweite Leidenschaft der Genealogie, kann man hier die famili\u00e4re Verbindung sehen. &nbsp; &nbsp; &nbsp; &nbsp; \u00a0 \u00a0 \u00a0 \u00a0 \u00a0 [&hellip;]<\/p>\n","protected":false},"author":1,"featured_media":0,"parent":0,"menu_order":0,"comment_status":"closed","ping_status":"closed","template":"","meta":{"footnotes":""},"class_list":["post-827","page","type-page","status-publish","hentry"],"_links":{"self":[{"href":"https:\/\/spornritter.com\/index.php\/wp-json\/wp\/v2\/pages\/827","targetHints":{"allow":["GET"]}}],"collection":[{"href":"https:\/\/spornritter.com\/index.php\/wp-json\/wp\/v2\/pages"}],"about":[{"href":"https:\/\/spornritter.com\/index.php\/wp-json\/wp\/v2\/types\/page"}],"author":[{"embeddable":true,"href":"https:\/\/spornritter.com\/index.php\/wp-json\/wp\/v2\/users\/1"}],"replies":[{"embeddable":true,"href":"https:\/\/spornritter.com\/index.php\/wp-json\/wp\/v2\/comments?post=827"}],"version-history":[{"count":10,"href":"https:\/\/spornritter.com\/index.php\/wp-json\/wp\/v2\/pages\/827\/revisions"}],"predecessor-version":[{"id":935,"href":"https:\/\/spornritter.com\/index.php\/wp-json\/wp\/v2\/pages\/827\/revisions\/935"}],"wp:attachment":[{"href":"https:\/\/spornritter.com\/index.php\/wp-json\/wp\/v2\/media?parent=827"}],"curies":[{"name":"wp","href":"https:\/\/api.w.org\/{rel}","templated":true}]}}