{"id":801,"date":"2025-04-02T01:30:06","date_gmt":"2025-04-02T01:30:06","guid":{"rendered":"https:\/\/spornritter.com\/?page_id=801"},"modified":"2025-04-06T09:09:44","modified_gmt":"2025-04-06T09:09:44","slug":"investitur-vom-01-04-2025-in-funchal-auf-madeira","status":"publish","type":"page","link":"https:\/\/spornritter.com\/index.php\/investitur-vom-01-04-2025-in-funchal-auf-madeira\/","title":{"rendered":"Investitur vom 01.04.2025 in Funchal auf Madeira (P)"},"content":{"rendered":"\n<p>\u00a0<\/p>\n<p><a href=\"https:\/\/spornritter.com\/wp-content\/uploads\/2025\/04\/Investitur_01.04.2025_Gruppenbild_Kirche-scaled.jpg\"><img loading=\"lazy\" decoding=\"async\" class=\"aligncenter wp-image-854 size-large\" src=\"https:\/\/spornritter.com\/wp-content\/uploads\/2025\/04\/Investitur_01.04.2025_Gruppenbild_Kirche-1024x683.jpg\" alt=\"\" width=\"640\" height=\"427\" srcset=\"https:\/\/spornritter.com\/wp-content\/uploads\/2025\/04\/Investitur_01.04.2025_Gruppenbild_Kirche-1024x683.jpg 1024w, https:\/\/spornritter.com\/wp-content\/uploads\/2025\/04\/Investitur_01.04.2025_Gruppenbild_Kirche-300x200.jpg 300w, https:\/\/spornritter.com\/wp-content\/uploads\/2025\/04\/Investitur_01.04.2025_Gruppenbild_Kirche-768x512.jpg 768w, https:\/\/spornritter.com\/wp-content\/uploads\/2025\/04\/Investitur_01.04.2025_Gruppenbild_Kirche-1536x1024.jpg 1536w, https:\/\/spornritter.com\/wp-content\/uploads\/2025\/04\/Investitur_01.04.2025_Gruppenbild_Kirche-2048x1365.jpg 2048w\" sizes=\"auto, (max-width: 640px) 100vw, 640px\" \/><\/a><\/p>\n<p>In Erinnerung an den 103. Jahrestag des Hinschieds SKKH Karl I. von Habsburg-Lothringen (17.08.1887-01.04.1922) fand in der Wallfahrtskirche (Santu\u00e1rio de Nossa Senhora do Monte) auf dem Monte in Funchal auf Madeira die Investitur statt.<\/p>\n<p>Diese begann um 19.00 Uhr mit der Heiligen Messe durch den Weihbischof von Madeira Seiner Exzellens Di\u00f6zesanbischof Nuno Br\u00e1s da Silva Martins sowie im Beisein der K\u00f6niglichen Bruderschaft des Heiligen Teotonio mit dem Grossprior Count Ulisses Pauletta Rolim, Baron Joao Azinheira Calado, Prior von Madeira, Baron Juan Francisco Correia Pereira, Emeritierter Prior von Madeira und Gro\u00dfkreuz Ritter Luis Costa, sowie Damen und Ritter des Orden vom Fl\u00fcgel des heiligen Michael, des Milit\u00e4rorden Unserer Lieben Frau der Empf\u00e4ngnis von Vila Vicosa, dem Souver\u00e4nen Malteser Orden, der Bruderschaft des Apostel Jakob, der Ehrenwache des unbekannten Grabes (Portugal).<\/p>\n<p>Nach den Gru\u00dfworten des Gro\u00dfmeisters, Seiner Kaiserlichen und K\u00f6niglichen Hoheit Sandor von Habsburg-Lothringen, trat der Gro\u00dfprior der K\u00f6niglichen Bruderschaft des Heiligen Teotonio, Ulisses Pauleta Graf von Rolim und Reigada an das Rednerpult und sprach seine Gru\u00dfworte, gefolgt vom Vertreter des Souver\u00e4nen Malteser Ordens.<\/p>\n<p>Im Anschluss nahmen die vorgesehen Ritterdamen und Ritter ihre Pl\u00e4tze ein und SKKH der Gro\u00dfmeister schlug Frau Mag. Sylvia Neuer, sowie Frau Ingeborg Hammerl zu Ritterdamen. Der lieben Dame Waltraud Brand, \u00fcberreichte Erzherzog Sandor in Gedenken an Ritter G\u00fcnter Brand die Ritterurkunde.<\/p>\n<p>Es folgte die Ernennung von Prior von Basel Fabian Coulot zum Gro\u00dfprior der Schweiz und damit ist auch die Gr\u00fcndungsurkunde des Gro\u00dfpriorats Schweiz \u00fcberreicht worden.<\/p>\n<p>Ritter Hauptmann von Wien, Erwin Juhasz, wurde zum Major und Kommandant der Garde ernannt.<\/p>\n<p>Im Anschluss wurde die von seiner Excellenz dem Bischof gesegneten Fahnenb\u00e4nder, die Erinnerungsurkunden und die Erinnerungsmedaillen verliehen.<\/p>\n<p>Da einige Goldene Spornritter auch Mitglied in der K\u00f6niglichen Bruderschaft des Heiligen Teotonio sind, wurde vom Gro\u00dfprior Graf Rolim die offizielle Aufnahme in die Bruderschaft f\u00fcr Robert (Jordan) von Hohenems (RCST F\u00fcrstentum Liechtenstein), Johnny Matt und Roland Beyer vollzogen. Auch sind Mitglieder des RCST beim Ritterorden vom Goldenen Sporn und es besteht seit vielen Jahren eine tiefe Freundschaft und Verbundenheit.<\/p>\n<p>Es versammelten sich Seine Excellenz, der Bischof und der Gro\u00dfmeister mit den Goldenen Spornrittern bei der letzten Ruhest\u00e4tte vom Seeligen Kaiser Karl I. zum Gebet und erneuert ebenda ihren Rittereid. Ein tief bewegender Moment voller Stille, Andacht und Verpflichtung.<\/p>\n<p>Die ersten <a href=\"https:\/\/myalbum.com\/album\/NKMVudRGj6hJmf\/\">Impressionen<\/a> vom neu ernannten Grossprior der Schweiz, Ritter Fabian Coulot<\/p>\n<p>Weitere Bildergalerien von:<\/p>\n<p>Sandor von Habsburg-Lothringen, <a href=\"https:\/\/eu.zonerama.com\/Medien\/Album\/13076981\">hier<\/a><\/p>\n<p>Bilder Investitur von Birgit Sackl, <a href=\"https:\/\/eu.zonerama.com\/Medien\/Album\/13076377\">hier<\/a><\/p>\n<p>Weitere Ausflugsbilder von Birgrit Sackl, <a href=\"https:\/\/eu.zonerama.com\/Medien\/Album\/13076519\">hier<\/a><\/p>\n<p>Jonny Matt, <a href=\"https:\/\/eu.zonerama.com\/Medien\/Album\/13076985\">hier<\/a><\/p>\n<p>Robert Jordan, <a href=\"https:\/\/eu.zonerama.com\/Medien\/Album\/13078828\">hier<\/a><\/p>\n<p>Latifa Jordan, <a href=\"https:\/\/eu.zonerama.com\/Medien\/Album\/13077538\">hier<\/a><\/p>\n<p>Helmuth K\u00fcng, <a href=\"https:\/\/eu.zonerama.com\/Medien\/Album\/13079013\">hier<\/a><\/p>\n<p>\u00a0<\/p>\n<p style=\"text-align: center;\"><span style=\"color: #ff0000;\">Original Predigt des Weihbischofs von Madeira, Pupliziert auf der Homepage des Bistum Funchal<\/span><\/p>\n<p style=\"text-align: center;\">https:\/\/www.diocesedofunchal.com\/<a href=\"https:\/\/spornritter.com\/wp-content\/uploads\/2025\/04\/DIOCESE-FUNCHAL.webp\"><br \/><img loading=\"lazy\" decoding=\"async\" class=\"aligncenter wp-image-862 size-medium\" src=\"https:\/\/spornritter.com\/wp-content\/uploads\/2025\/04\/DIOCESE-FUNCHAL-226x300.webp\" alt=\"\" width=\"226\" height=\"300\" srcset=\"https:\/\/spornritter.com\/wp-content\/uploads\/2025\/04\/DIOCESE-FUNCHAL-226x300.webp 226w, https:\/\/spornritter.com\/wp-content\/uploads\/2025\/04\/DIOCESE-FUNCHAL.webp 528w\" sizes=\"auto, (max-width: 226px) 100vw, 226px\" \/><\/a><span class=\"ld-c\">Homilia Falecimento Beato Carlos D&#8217;\u00c1ustria <\/span><\/p>\n<section class=\"s s-hm s-hm-bdh s-bdh cf sc-w wnd-w-narrow wnd-s-normal wnd-h-auto wnd-nh-m wnd-p-cc wn-space-bottom\" data-space=\"true\">\n<div class=\"s-w cf\">\n<div class=\"s-o cf\">\n<div class=\"h-c s-c cf\">\n<div class=\"s-bdh-c b b-s-l b-s-r b-cs cf\">\n<div class=\"s-bdh-w\">\n<div class=\"ld\" style=\"text-align: center;\"><span class=\"ld-c\">01-04-2025<\/span><\/div>\n<\/div>\n<\/div>\n<\/div>\n<\/div>\n<\/div>\n<\/section>\n<section class=\"s s-basic cf sc-w wnd-w-wider wnd-s-normal wnd-h-auto wn-space-top\" data-wnd_brightness=\"0\" data-wnd_last_section=\"\">\n<div class=\"s-w cf\">\n<div class=\"s-o s-fs cf\">\n<div class=\"s-bg cf\">\n<div class=\"s-bg-l\">\u00a0<\/div>\n<\/div>\n<div class=\"s-c s-fs cf\">\n<div class=\"ez cf wnd-no-cols\">\n<div class=\"ez-c\">\n<div id=\"wnd_ImageBlock_63371743673485634\" class=\"b-img b-img-default b b-s cf wnd-orientation-landscape wnd-type-image img-s-n\">\n<div class=\"b-img-w\">\n<div class=\"b-img-c\"><picture><source srcset=\"https:\/\/72a09dd0b3.clvaw-cdnwnd.com\/fccbff095b5c31a92f143950a72ecfc8\/200003231-e622be622e\/450\/D.NUNO-100-ANOS-DA-MORTE-IMPERADOR22-1024x683.webp?ph=72a09dd0b3 450w, https:\/\/72a09dd0b3.clvaw-cdnwnd.com\/fccbff095b5c31a92f143950a72ecfc8\/200003231-e622be622e\/700\/D.NUNO-100-ANOS-DA-MORTE-IMPERADOR22-1024x683.webp?ph=72a09dd0b3 700w, https:\/\/72a09dd0b3.clvaw-cdnwnd.com\/fccbff095b5c31a92f143950a72ecfc8\/200003231-e622be622e\/D.NUNO-100-ANOS-DA-MORTE-IMPERADOR22-1024x683.webp?ph=72a09dd0b3 1024w\" type=\"image\/webp\" sizes=\"100vw\" \/><img loading=\"lazy\" decoding=\"async\" id=\"wnd_ImageBlock_63371743673485634_img\" src=\"https:\/\/72a09dd0b3.clvaw-cdnwnd.com\/fccbff095b5c31a92f143950a72ecfc8\/200003230-e87bce87be\/D.NUNO-100-ANOS-DA-MORTE-IMPERADOR22-1024x683.jpeg?ph=72a09dd0b3\" alt=\"\" width=\"1024\" height=\"683\" \/><\/picture><\/div>\n<\/div>\n<\/div>\n<div class=\"b b-text cf\">\n<div class=\"b-c b-text-c b-s b-s-t60 b-s-b60 b-cs cf\">\n<p class=\"wnd-align-center\" style=\"text-align: center;\">BEATO CARLOS DE \u00c1USTRIA<\/p>\n<p class=\"wnd-align-center\" style=\"text-align: center;\">01 de abril de 2025<\/p>\n<p class=\"wnd-align-center\" style=\"text-align: center;\">Igreja de Nossa Senhora do Monte<\/p>\n<p class=\"wnd-align-center\"><a href=\"https:\/\/spornritter.com\/wp-content\/uploads\/2025\/04\/Predigt_Funchal_portugisisch.jpg\"><img loading=\"lazy\" decoding=\"async\" class=\"aligncenter wp-image-867 size-full\" src=\"https:\/\/spornritter.com\/wp-content\/uploads\/2025\/04\/Predigt_Funchal_portugisisch.jpg\" alt=\"\" width=\"1754\" height=\"2316\" srcset=\"https:\/\/spornritter.com\/wp-content\/uploads\/2025\/04\/Predigt_Funchal_portugisisch.jpg 1754w, https:\/\/spornritter.com\/wp-content\/uploads\/2025\/04\/Predigt_Funchal_portugisisch-227x300.jpg 227w, https:\/\/spornritter.com\/wp-content\/uploads\/2025\/04\/Predigt_Funchal_portugisisch-776x1024.jpg 776w, https:\/\/spornritter.com\/wp-content\/uploads\/2025\/04\/Predigt_Funchal_portugisisch-768x1014.jpg 768w, https:\/\/spornritter.com\/wp-content\/uploads\/2025\/04\/Predigt_Funchal_portugisisch-1163x1536.jpg 1163w, https:\/\/spornritter.com\/wp-content\/uploads\/2025\/04\/Predigt_Funchal_portugisisch-1551x2048.jpg 1551w\" sizes=\"auto, (max-width: 1754px) 100vw, 1754px\" \/><\/a><\/p>\n<\/div>\n<p><a href=\"https:\/\/spornritter.com\/wp-content\/uploads\/2025\/04\/Predigt_Funchal_Deutsch.jpg\"><img loading=\"lazy\" decoding=\"async\" class=\"aligncenter wp-image-866 size-full\" src=\"https:\/\/spornritter.com\/wp-content\/uploads\/2025\/04\/Predigt_Funchal_Deutsch.jpg\" alt=\"\" width=\"1754\" height=\"2316\" srcset=\"https:\/\/spornritter.com\/wp-content\/uploads\/2025\/04\/Predigt_Funchal_Deutsch.jpg 1754w, https:\/\/spornritter.com\/wp-content\/uploads\/2025\/04\/Predigt_Funchal_Deutsch-227x300.jpg 227w, https:\/\/spornritter.com\/wp-content\/uploads\/2025\/04\/Predigt_Funchal_Deutsch-776x1024.jpg 776w, https:\/\/spornritter.com\/wp-content\/uploads\/2025\/04\/Predigt_Funchal_Deutsch-768x1014.jpg 768w, https:\/\/spornritter.com\/wp-content\/uploads\/2025\/04\/Predigt_Funchal_Deutsch-1163x1536.jpg 1163w, https:\/\/spornritter.com\/wp-content\/uploads\/2025\/04\/Predigt_Funchal_Deutsch-1551x2048.jpg 1551w\" sizes=\"auto, (max-width: 1754px) 100vw, 1754px\" \/><\/a><\/p>\n<\/div>\n<\/div>\n<\/div>\n<\/div>\n<\/div>\n<\/div>\n<\/section>\n\n\n\n\n","protected":false},"excerpt":{"rendered":"<p>\u00a0 In Erinnerung an den 103. Jahrestag des Hinschieds SKKH Karl I. von Habsburg-Lothringen (17.08.1887-01.04.1922) fand in der Wallfahrtskirche (Santu\u00e1rio de Nossa Senhora do Monte) auf dem Monte in Funchal auf Madeira die Investitur statt. Diese begann um 19.00 Uhr mit der Heiligen Messe durch den Weihbischof von Madeira Seiner Exzellens Di\u00f6zesanbischof Nuno Br\u00e1s da [&hellip;]<\/p>\n","protected":false},"author":1,"featured_media":0,"parent":0,"menu_order":0,"comment_status":"closed","ping_status":"closed","template":"","meta":{"footnotes":""},"class_list":["post-801","page","type-page","status-publish","hentry"],"_links":{"self":[{"href":"https:\/\/spornritter.com\/index.php\/wp-json\/wp\/v2\/pages\/801","targetHints":{"allow":["GET"]}}],"collection":[{"href":"https:\/\/spornritter.com\/index.php\/wp-json\/wp\/v2\/pages"}],"about":[{"href":"https:\/\/spornritter.com\/index.php\/wp-json\/wp\/v2\/types\/page"}],"author":[{"embeddable":true,"href":"https:\/\/spornritter.com\/index.php\/wp-json\/wp\/v2\/users\/1"}],"replies":[{"embeddable":true,"href":"https:\/\/spornritter.com\/index.php\/wp-json\/wp\/v2\/comments?post=801"}],"version-history":[{"count":18,"href":"https:\/\/spornritter.com\/index.php\/wp-json\/wp\/v2\/pages\/801\/revisions"}],"predecessor-version":[{"id":868,"href":"https:\/\/spornritter.com\/index.php\/wp-json\/wp\/v2\/pages\/801\/revisions\/868"}],"wp:attachment":[{"href":"https:\/\/spornritter.com\/index.php\/wp-json\/wp\/v2\/media?parent=801"}],"curies":[{"name":"wp","href":"https:\/\/api.w.org\/{rel}","templated":true}]}}