{"id":73,"date":"2018-04-06T18:08:19","date_gmt":"2018-04-06T18:08:19","guid":{"rendered":"https:\/\/spornritter.com\/?page_id=73"},"modified":"2019-05-16T16:26:23","modified_gmt":"2019-05-16T16:26:23","slug":"geschichte","status":"publish","type":"page","link":"https:\/\/spornritter.com\/index.php\/geschichte\/","title":{"rendered":"Geschichte"},"content":{"rendered":"<p><span style=\"font-family: arial, helvetica, sans-serif; font-size: 12pt;\">Diese Seite hier soll einen kleinen Einblick geben \u00fcber den Ritterorden vom Goldenen Sporn bis zu seiner Aufl\u00f6sung 1916. Die Goldenen Spornritter stammten aus adeligen Familien und wurden haupts\u00e4chlich w\u00e4hrend der Kr\u00f6nungsfeiern der ungarischen K\u00f6nige zum Ritter geschlagen.<\/span><br \/>\n<span style=\"font-family: arial, helvetica, sans-serif; font-size: 12pt;\"> Auf und Ab, Hoch und Tiefs, umgeben von h\u00f6fischem Leben oder auf dem Schlachtfeld, so wie die Geschichte der ungarischen K\u00f6nige, ist auch das Leben der Goldenen Spornritter zu verzeichnen. Es w\u00fcrde den Rahmen sprengen zu versuchen hier \u00fcber alles zu berichten.<\/span><\/p>\n<p><span style=\"font-family: arial, helvetica, sans-serif; font-size: 12pt;\"> 1266 &#8211; 1335<\/span><\/p>\n<p><span style=\"font-family: arial, helvetica, sans-serif; font-size: 12pt;\"> &#8230;..<strong>&#8222;Gott mache Dich zum guten Ritter&#8220;<\/strong> &#8211; berichten die Chroniken aus jener Zeit. Die Goldenen Spornritter hatten keinerlei Ordensgesetze, wirkten jedoch wie ein Ritterorden. Eine Hierarchie-Struktur wie bei anderen Ritterorden kannten sie jedoch nicht, es gab nur ein oberster Befehlshaber (Gro<span class=\"style16\">\u03b2<\/span>meister), der welcher sie zum Spornritter schlug, n\u00e4mlich der K\u00f6nig.<\/span><br \/>\n<span style=\"font-family: arial, helvetica, sans-serif; font-size: 12pt;\"> Die Goldenen Spornritter, ungarischen Ursprungs, stammten aus Frankreich, Karl von Anjou, Graf von Anjou und der Provence, wurde im Jahre 1266 in Rom mit Hilfe des Papstes zum K\u00f6nig von Neapel-Sizilien gekr\u00f6nt. In den Chroniken von dieser Kr\u00f6nung liest man vom &#8222;Goldenen Sporn&#8220;-Ritterorden. Zweck und Ziel der Ordensgr\u00fcndung war die k\u00f6nigstreuen Adeligen zur k\u00f6niglichen Machthaltung des jeweiligen K\u00f6nigs von Neapel-Sizilien zu binden.<\/span><br \/>\n<span style=\"font-family: arial, helvetica, sans-serif; font-size: 12pt;\"> Die Voraussetzung, dass die Spornritter adlig sein sollen bestand bis zum &#8222;letzten&#8220; Ritterschlag am 30. Dezember 1916 (mit ein paar einzelnen Ausnahmen aus Nicht adeligen Familien).<\/span><\/p>\n<p><span style=\"font-family: arial, helvetica, sans-serif; font-size: 12pt;\"> Karl Martell, der Enkel K\u00f6nig Karls, war Herzog von Neapel und Sohn von K\u00f6nigin Maria von Ungarn, somit hatte er ein Anspruch auf den ungarischen Thron. Der Chronist Villani schreibt: &#8220; Karl und seine Mutter, K\u00f6nigin Maria, hatten st\u00e4ndig 50 Goldene Spornritter im Gefolge, die ungarische Kleider mit Wappen trugen&#8220;.<\/span><br \/>\n<span style=\"font-family: arial, helvetica, sans-serif; font-size: 12pt;\"> Im Jahr 1249 erwartet Karl Martell mit 200 Goldenen Spornritter seinen Vater. Die aufmarschierten Ritter sind &#8222;das edelste Gefolge, die jemals einen F\u00fcrsten begleiten..&#8220;.<\/span><br \/>\n<span style=\"font-family: arial, helvetica, sans-serif; font-size: 12pt;\"> Den ungarischen Thron bekam aber statt Karl Martell, sein Sohn Karl Robert. Nach schweren und blutigen K\u00e4mpfen wird Karl Robert zum ungarischen K\u00f6nig gekr\u00f6nt und zwar zweimal (1301 und 1311). Er f\u00fchrte bei seiner Kr\u00f6nung den &#8222;Goldenen Ritterschlag&#8220; ein. Diese Tradition wird bei fast allen ungarischen K\u00f6nigskr\u00f6nungen fortgef\u00fchrt. Die Goldenen Ritter sind berechtigt goldene Waffen und Goldene R\u00fcstung zu tragen.<\/span><\/p>\n<p><span style=\"font-family: arial, helvetica, sans-serif; font-size: 12pt;\"> Mit Karl Robert kamen auch franz\u00f6sisch-italienische Ritter ins Land. Dank ihnen verbreitete sich die ritterliche Kultur in Ungarn. Die ritterliche Kultur in Ungarn erreichte unter Ludwig I (Sohn von Karl Robert) ihren H\u00f6hepunkt. Ritterschl\u00e4ge erfolgten auch ausserhalb der Kr\u00f6nungsfeierlichkeiten, z.Bsp. beim Visegrader K\u00f6nigstreff (1335).<\/span><\/p>\n<p><a href=\"https:\/\/spornritter.com\/wp-content\/uploads\/2018\/04\/Visegrad.jpg\"><img loading=\"lazy\" decoding=\"async\" class=\"alignleft wp-image-84 size-medium\" src=\"https:\/\/spornritter.com\/wp-content\/uploads\/2018\/04\/Visegrad-300x200.jpg\" alt=\"\" width=\"300\" height=\"200\" srcset=\"https:\/\/spornritter.com\/wp-content\/uploads\/2018\/04\/Visegrad-300x200.jpg 300w, https:\/\/spornritter.com\/wp-content\/uploads\/2018\/04\/Visegrad.jpg 400w\" sizes=\"auto, (max-width: 300px) 100vw, 300px\" \/><\/a><a href=\"https:\/\/spornritter.com\/wp-content\/uploads\/2018\/04\/Visegrad_1.jpg\"><img loading=\"lazy\" decoding=\"async\" class=\"wp-image-85 size-medium alignleft\" src=\"https:\/\/spornritter.com\/wp-content\/uploads\/2018\/04\/Visegrad_1-300x200.jpg\" alt=\"\" width=\"300\" height=\"200\" srcset=\"https:\/\/spornritter.com\/wp-content\/uploads\/2018\/04\/Visegrad_1-300x200.jpg 300w, https:\/\/spornritter.com\/wp-content\/uploads\/2018\/04\/Visegrad_1.jpg 400w\" sizes=\"auto, (max-width: 300px) 100vw, 300px\" \/><\/a><\/p>\n<p>&nbsp;<\/p>\n<p>&nbsp;<\/p>\n<p>&nbsp;<\/p>\n<p>&nbsp;<\/p>\n<p>&nbsp;<\/p>\n<p><span style=\"font-family: arial, helvetica, sans-serif; font-size: 12pt;\">1342 &#8211; 1647<\/span><\/p>\n<p><span style=\"font-family: arial, helvetica, sans-serif; font-size: 12pt;\">Im Jahr 1342 wird Ludwig I zum ungarischen K\u00f6nig gekr\u00f6nt, ein Ritterk\u00f6nig nimmt er doch selber an Rittertournieren teil. Aus der Chronik Villanis heisst es, dass K\u00f6nigin Elisabeth 137 nach Rom pilgert und wird von 50 Goldenen Spornritter begleitet. Ludwig I greift im Jahr 1347 das K\u00f6nigreich Neapel-Sizilien an. In seiner Armee sind in F\u00fchrungspositionen auch Goldene Spornritter. (Gebr\u00fcder Lackfi). Im Jahr 1350 f\u00fchrt Ludwig I seinen 2. Neapelfeldzug hier wird sein Leben von einem Goldenen Spornritter gerettet, es ist Miklos Lackfi. Im Feldzug 1357 ist Miklos Lackfi bereits Herresf\u00fchrer welcher im Auftrag Ludwig I die Truppen nach Italien sendet, sie sollen dem Papst helfen gegen die m\u00e4chtigen Landesf\u00fcrsten.<\/span><\/p>\n<p><span style=\"font-family: arial, helvetica, sans-serif; font-size: 12pt;\">Der n\u00e4chste K\u00f6nig Ungarns ist Karl II, er stammt aus dem Hause Anjou-Durazzo und wuchs bei Ludwig I auf. Karl II ist bereits K\u00f6nig von Neapel-Sizilien als er zum K\u00f6nig von Ungarn gekr\u00f6nt wird. Eine Zeitlang erschien es, dass Karl II, die Grossmachttr\u00e4ume von Karl I von Anjou erf\u00fcllen wird. Karl II ist K\u00f6nig von Neapel-Sizilien, K\u00f6nig von Ungarn und Jerusalem und F\u00fcrst von Achaia. Seine grossen Pl\u00e4ne f\u00fcr die Zukunft endeten j\u00e4h, als Grossmeister der ungarischen und neapolitanischen Goldenen Spornritter war nur kurz, er wurde brutal 1386 ermordet.<\/span><br \/>\n<span style=\"font-family: arial, helvetica, sans-serif; font-size: 12pt;\">Nach Karl II kam Sigismund auf den Thron. Der Sohn Karl&#8217;s II Ladislaus, K\u00f6nig von Neapel-Sizilien wird zum Gegenk\u00f6nig gekr\u00f6nt. W\u00e4hrend dieser Zeitphase werden nur wenige Adelige zum Goldenen Spornritter geschlagen.<\/span><br \/>\n<span style=\"font-family: arial, helvetica, sans-serif; font-size: 12pt;\">Von 1415 bis 1460 k\u00e4mpfen die Goldenen Spornritter bei verschiedenen Schlachten, gegen die immer st\u00e4rker werdenden T\u00fcrken, mit. Bei der Kr\u00f6nung des minderj\u00e4hrigen Ladislaus V geschieht etwas einmaliges, 1440 schl\u00e4gt der K\u00f6nig (im Baby Alter) Miklos Ujlaki zum Spornritter. Miklos Ujlaki ist der reichste Mann im K\u00f6nigreich Ungarn. Er ist F\u00fcrst von Siebenb\u00fcrgen und Obergespann von f\u00fcnf Komitaten. Zuerst an der Seite von Ladislaus V, dann schw\u00f6rt er K\u00f6nig Ulaszlo I die Treue. Die Zeit danach wird er ein treuer Kampfgef\u00e4hrte von Janos Hunyadi, dem Reichsverweser Ungarns. Als K\u00f6nig Ulaszlo I bei Varna (Bulgarien) in der Schlacht gegen die T\u00fcrken den Heldentod fand, wird Miklos Ujlaki zum Hauptkapit\u00e4n gew\u00e4hlt. Es gibt in dieser Zeit sieben solcher Hauptkapit\u00e4ne welche gemeinsam Ungarn regieren. Als Matyas (Matthias Rex) 1464 zum K\u00f6nig gekr\u00f6nt wird, ist er wieder ein treuer Untertan und wird von K\u00f6nig Matthias mit der K\u00f6nigsw\u00fcrde belohnt (K\u00f6nig von Bosnien).<\/span><br \/>\n<span style=\"font-family: arial, helvetica, sans-serif; font-size: 12pt;\">W\u00e4hrend der Regierungszeit kamen t\u00fcrkische Truppen immer n\u00e4her an Ungarns Grenzen. K\u00f6nig Matthias schl\u00e4gt meistens Diplomaten zu Goldenen Spornritter (Venedig, Italien, Deutschland) Nach dem Tod Matthias im Jahre 1490 wird Ulaszlo II aus dem zu Hause Jagello zum ungarischen K\u00f6nig gekr\u00f6nt. Bei seiner Kr\u00f6nung wird ein wichtiger Diplomat des Kaiseres vom Goldenen Spornritter geschlagen: Florian Waldauf zu Waldenstein.<\/span><br \/>\n<span style=\"font-family: arial, helvetica, sans-serif; font-size: 12pt;\">1647 wird der minderj\u00e4hrige Ferdinand IV zum ungarischen K\u00f6nig gekr\u00f6nt. An dieser Zeremonie tr\u00e4gt ein Goldener Spornritter den &#8222;Pallasch&#8220; (k\u00f6nigliches Schwert). Es ist Graf Nikolaus von Zrinyi, Ban von Kroatien. Manche Schlachten f\u00fchrte er gegen die T\u00fcrken. bei Eger rettet er das Leben des K\u00f6nigs.1664 beim Winterfeldzug gegen die T\u00fcrken brennt er die Br\u00fccke von Eszek nieder. (eine wichtige Nachschubbr\u00fccke der T\u00fcrken). Zrinyi wird mit Ehrungen \u00fcberh\u00e4uft. Er wird der &#8222;ungarische Mars&#8220; genannt. Der spanische K\u00f6nig zeichnet ihn mit dem Goldenen Vlies Orden aus, der Papst schickt ihm einen prachtvollen Feldherrenhut und der franz\u00f6sische K\u00f6nig verleiht ihm einen Adelstitel.<\/span><\/p>\n<p><span style=\"font-family: arial, helvetica, sans-serif; font-size: 12pt;\">1655 &#8211; 1916<\/span><\/p>\n<p><span style=\"font-family: arial, helvetica, sans-serif; font-size: 12pt;\">So wie Geschichten der Schlachten und deren K\u00f6nige sind auch die Heldentaten der ungarischen Adeligen die meistens w\u00e4hrend den Kr\u00f6nungsfeierlichkeiten zu Goldenen Spornritter geschlagen wurden. Namen welche in die Geschichte eingingen sind auch bei den Goldenen Spornritter zu finden, Esterhazy, Bercsenyi, Rakoczy um nur einige zu nennen. Selbst Maria Theresia, Leopold II, Franz I und 1867 als Kaiser Franz Joseph I zum ungarischen K\u00f6nig gekr\u00f6nt wird, schl\u00e4gt ungarische Adelige zu Goldenen Spornritter. K\u00f6nig Karl IV von Ungarn schl\u00e4gt am 30. Dezember 1916 die letzten 50, meist Adeligen, direkt von der Front kommend zu Goldenen Spornritter. Einer von den wenigen nichtadeligen Spornritter ist Leutnant Emil Poppr, einer der tapfersten jungen Offiziere der Monarchie, er bekam die h\u00f6chsten Kriegsauszeichnungen ua. die h\u00f6chste Auszeichnung der Monarchie, den Milit\u00e4r Maria Theresia Orden.<\/span><\/p>\n<figure id=\"attachment_76\" aria-describedby=\"caption-attachment-76\" style=\"width: 250px\" class=\"wp-caption alignnone\"><a href=\"https:\/\/spornritter.com\/wp-content\/uploads\/2018\/04\/geschichte_1.jpg\"><img loading=\"lazy\" decoding=\"async\" class=\"wp-image-76 size-full\" src=\"https:\/\/spornritter.com\/wp-content\/uploads\/2018\/04\/geschichte_1.jpg\" alt=\"\" width=\"250\" height=\"193\" \/><\/a><figcaption id=\"caption-attachment-76\" class=\"wp-caption-text\">Thury Gy\u00f6rgy\u00a0\u00a0, 1519- 1571 , Burghauptmann von Leva ( Heute Slovakei) er ist in der Mitte des Bildes . Rechts ist K\u00f6nig Maximilian .<\/figcaption><\/figure>\n<figure id=\"attachment_77\" aria-describedby=\"caption-attachment-77\" style=\"width: 180px\" class=\"wp-caption alignnone\"><a href=\"https:\/\/spornritter.com\/wp-content\/uploads\/2018\/04\/geschichte_2.jpg\"><img loading=\"lazy\" decoding=\"async\" class=\"wp-image-77 size-full\" src=\"https:\/\/spornritter.com\/wp-content\/uploads\/2018\/04\/geschichte_2.jpg\" alt=\"\" width=\"180\" height=\"307\" srcset=\"https:\/\/spornritter.com\/wp-content\/uploads\/2018\/04\/geschichte_2.jpg 180w, https:\/\/spornritter.com\/wp-content\/uploads\/2018\/04\/geschichte_2-176x300.jpg 176w\" sizes=\"auto, (max-width: 180px) 100vw, 180px\" \/><\/a><figcaption id=\"caption-attachment-77\" class=\"wp-caption-text\">Miklos Graf Palffy , 1552-1600 , Feldherr und der Held von Gy\u00f6r .<\/figcaption><\/figure>\n<figure id=\"attachment_78\" aria-describedby=\"caption-attachment-78\" style=\"width: 174px\" class=\"wp-caption alignnone\"><a href=\"https:\/\/spornritter.com\/wp-content\/uploads\/2018\/04\/geschichte_3.jpg\"><img loading=\"lazy\" decoding=\"async\" class=\"wp-image-78 size-medium\" src=\"https:\/\/spornritter.com\/wp-content\/uploads\/2018\/04\/geschichte_3-174x300.jpg\" alt=\"\" width=\"174\" height=\"300\" srcset=\"https:\/\/spornritter.com\/wp-content\/uploads\/2018\/04\/geschichte_3-174x300.jpg 174w, https:\/\/spornritter.com\/wp-content\/uploads\/2018\/04\/geschichte_3.jpg 280w\" sizes=\"auto, (max-width: 174px) 100vw, 174px\" \/><\/a><figcaption id=\"caption-attachment-78\" class=\"wp-caption-text\">Ferenc Baron Nadasdy , 1555-1604 , Oberkapit\u00e4n\u00a0\u00a0von West -Ungarn , der &#8222;Schwarze Ritter &#8220; .<\/figcaption><\/figure>\n<figure id=\"attachment_79\" aria-describedby=\"caption-attachment-79\" style=\"width: 250px\" class=\"wp-caption alignnone\"><a href=\"https:\/\/spornritter.com\/wp-content\/uploads\/2018\/04\/geschichte_4.jpg\"><img loading=\"lazy\" decoding=\"async\" class=\"wp-image-79 size-medium\" src=\"https:\/\/spornritter.com\/wp-content\/uploads\/2018\/04\/geschichte_4-250x300.jpg\" alt=\"\" width=\"250\" height=\"300\" \/><\/a><figcaption id=\"caption-attachment-79\" class=\"wp-caption-text\">Nikolaus Graf Zrinyi , 1620-1664- (man sieht sch\u00f6n die Abk\u00fcrzung . eq.au. eques auratus) Ban von Kroatien<\/figcaption><\/figure>\n<figure id=\"attachment_80\" aria-describedby=\"caption-attachment-80\" style=\"width: 175px\" class=\"wp-caption alignnone\"><a href=\"https:\/\/spornritter.com\/wp-content\/uploads\/2018\/04\/geschichte_5.jpg\"><img loading=\"lazy\" decoding=\"async\" class=\"wp-image-80 size-medium\" src=\"https:\/\/spornritter.com\/wp-content\/uploads\/2018\/04\/geschichte_5-175x300.jpg\" alt=\"\" width=\"175\" height=\"300\" srcset=\"https:\/\/spornritter.com\/wp-content\/uploads\/2018\/04\/geschichte_5-175x300.jpg 175w, https:\/\/spornritter.com\/wp-content\/uploads\/2018\/04\/geschichte_5.jpg 200w\" sizes=\"auto, (max-width: 175px) 100vw, 175px\" \/><\/a><figcaption id=\"caption-attachment-80\" class=\"wp-caption-text\">Miklos Baron Eszterhazy 1583-1645 , Palatin von Ungarn<\/figcaption><\/figure>\n<figure id=\"attachment_81\" aria-describedby=\"caption-attachment-81\" style=\"width: 200px\" class=\"wp-caption alignnone\"><a href=\"https:\/\/spornritter.com\/wp-content\/uploads\/2018\/04\/geschichte_6.jpg\"><img loading=\"lazy\" decoding=\"async\" class=\"wp-image-81 size-full\" src=\"https:\/\/spornritter.com\/wp-content\/uploads\/2018\/04\/geschichte_6.jpg\" alt=\"\" width=\"200\" height=\"275\" \/><\/a><figcaption id=\"caption-attachment-81\" class=\"wp-caption-text\">Laszlo Graf Eszterhazy 1626-1653 , Burghauptmann von Papa (Ungarn)<\/figcaption><\/figure>\n<figure id=\"attachment_82\" aria-describedby=\"caption-attachment-82\" style=\"width: 136px\" class=\"wp-caption alignnone\"><a href=\"https:\/\/spornritter.com\/wp-content\/uploads\/2018\/04\/geschichte_7.jpg\"><img loading=\"lazy\" decoding=\"async\" class=\"wp-image-82 size-full\" src=\"https:\/\/spornritter.com\/wp-content\/uploads\/2018\/04\/geschichte_7.jpg\" alt=\"\" width=\"136\" height=\"230\" \/><\/a><figcaption id=\"caption-attachment-82\" class=\"wp-caption-text\">Leutnant\u00a0Emil Poppr\u00a0\u00a0, mit den Maria Theresia Orden\u00a0\u00a0ausgezeichnet.<\/figcaption><\/figure>\n<p>&nbsp;<\/p>\n<figure id=\"attachment_83\" aria-describedby=\"caption-attachment-83\" style=\"width: 184px\" class=\"wp-caption alignnone\"><a href=\"https:\/\/spornritter.com\/wp-content\/uploads\/2018\/04\/geschichte_8.bmp\"><img loading=\"lazy\" decoding=\"async\" class=\"wp-image-83 size-medium\" src=\"https:\/\/spornritter.com\/wp-content\/uploads\/2018\/04\/geschichte_8-184x300.jpg\" alt=\"\" width=\"184\" height=\"300\" srcset=\"https:\/\/spornritter.com\/wp-content\/uploads\/2018\/04\/geschichte_8-184x300.jpg 184w, https:\/\/spornritter.com\/wp-content\/uploads\/2018\/04\/geschichte_8.bmp 453w\" sizes=\"auto, (max-width: 184px) 100vw, 184px\" \/><\/a><figcaption id=\"caption-attachment-83\" class=\"wp-caption-text\">Vit\u00e9z V\u00e9n Zolt\u00e1n, k\u00f6niglich-ungarischer Oberst<\/figcaption><\/figure>\n<p>&nbsp;<\/p>\n<p>Hier sind eine Auswahl von Burgen aus Ungarn, Slowakei und der Ukraine<\/p>\n<figure id=\"attachment_91\" aria-describedby=\"caption-attachment-91\" style=\"width: 300px\" class=\"wp-caption alignnone\"><a href=\"https:\/\/spornritter.com\/wp-content\/uploads\/2018\/04\/burg_eger.jpg\"><img loading=\"lazy\" decoding=\"async\" class=\"wp-image-91 size-medium\" src=\"https:\/\/spornritter.com\/wp-content\/uploads\/2018\/04\/burg_eger-300x200.jpg\" alt=\"\" width=\"300\" height=\"200\" srcset=\"https:\/\/spornritter.com\/wp-content\/uploads\/2018\/04\/burg_eger-300x200.jpg 300w, https:\/\/spornritter.com\/wp-content\/uploads\/2018\/04\/burg_eger.jpg 600w\" sizes=\"auto, (max-width: 300px) 100vw, 300px\" \/><\/a><figcaption id=\"caption-attachment-91\" class=\"wp-caption-text\">Burg Eger in Ungarn<\/figcaption><\/figure>\n<figure id=\"attachment_93\" aria-describedby=\"caption-attachment-93\" style=\"width: 206px\" class=\"wp-caption alignnone\"><a href=\"https:\/\/spornritter.com\/wp-content\/uploads\/2018\/04\/burg_gyoer.jpg\"><img loading=\"lazy\" decoding=\"async\" class=\"wp-image-93 size-medium\" src=\"https:\/\/spornritter.com\/wp-content\/uploads\/2018\/04\/burg_gyoer-206x300.jpg\" alt=\"\" width=\"206\" height=\"300\" srcset=\"https:\/\/spornritter.com\/wp-content\/uploads\/2018\/04\/burg_gyoer-206x300.jpg 206w, https:\/\/spornritter.com\/wp-content\/uploads\/2018\/04\/burg_gyoer.jpg 481w\" sizes=\"auto, (max-width: 206px) 100vw, 206px\" \/><\/a><figcaption id=\"caption-attachment-93\" class=\"wp-caption-text\">Burg Gy\u00f6r in Ungarn<\/figcaption><\/figure>\n<figure id=\"attachment_92\" aria-describedby=\"caption-attachment-92\" style=\"width: 300px\" class=\"wp-caption alignnone\"><a href=\"https:\/\/spornritter.com\/wp-content\/uploads\/2018\/04\/burg_fuelek.jpg\"><img loading=\"lazy\" decoding=\"async\" class=\"wp-image-92 size-medium\" src=\"https:\/\/spornritter.com\/wp-content\/uploads\/2018\/04\/burg_fuelek-300x233.jpg\" alt=\"\" width=\"300\" height=\"233\" srcset=\"https:\/\/spornritter.com\/wp-content\/uploads\/2018\/04\/burg_fuelek-300x233.jpg 300w, https:\/\/spornritter.com\/wp-content\/uploads\/2018\/04\/burg_fuelek.jpg 700w\" sizes=\"auto, (max-width: 300px) 100vw, 300px\" \/><\/a><figcaption id=\"caption-attachment-92\" class=\"wp-caption-text\">Burg F\u00fclek (Filakovo, Slowakei)<\/figcaption><\/figure>\n<figure id=\"attachment_94\" aria-describedby=\"caption-attachment-94\" style=\"width: 300px\" class=\"wp-caption alignnone\"><a href=\"https:\/\/spornritter.com\/wp-content\/uploads\/2018\/04\/burg_korpana.jpg\"><img loading=\"lazy\" decoding=\"async\" class=\"wp-image-94 size-medium\" src=\"https:\/\/spornritter.com\/wp-content\/uploads\/2018\/04\/burg_korpana-300x150.jpg\" alt=\"\" width=\"300\" height=\"150\" srcset=\"https:\/\/spornritter.com\/wp-content\/uploads\/2018\/04\/burg_korpana-300x150.jpg 300w, https:\/\/spornritter.com\/wp-content\/uploads\/2018\/04\/burg_korpana.jpg 700w\" sizes=\"auto, (max-width: 300px) 100vw, 300px\" \/><\/a><figcaption id=\"caption-attachment-94\" class=\"wp-caption-text\">Burg Korpona (Krupina, Slowakei<\/figcaption><\/figure>\n<figure id=\"attachment_95\" aria-describedby=\"caption-attachment-95\" style=\"width: 300px\" class=\"wp-caption alignnone\"><a href=\"https:\/\/spornritter.com\/wp-content\/uploads\/2018\/04\/burg_leva.jpg\"><img loading=\"lazy\" decoding=\"async\" class=\"wp-image-95 size-medium\" src=\"https:\/\/spornritter.com\/wp-content\/uploads\/2018\/04\/burg_leva-300x203.jpg\" alt=\"\" width=\"300\" height=\"203\" srcset=\"https:\/\/spornritter.com\/wp-content\/uploads\/2018\/04\/burg_leva-300x203.jpg 300w, https:\/\/spornritter.com\/wp-content\/uploads\/2018\/04\/burg_leva.jpg 740w\" sizes=\"auto, (max-width: 300px) 100vw, 300px\" \/><\/a><figcaption id=\"caption-attachment-95\" class=\"wp-caption-text\">Burg Leva (Levice Slowakei)<\/figcaption><\/figure>\n<figure id=\"attachment_96\" aria-describedby=\"caption-attachment-96\" style=\"width: 300px\" class=\"wp-caption alignnone\"><a href=\"https:\/\/spornritter.com\/wp-content\/uploads\/2018\/04\/burg_munkacs.jpg\"><img loading=\"lazy\" decoding=\"async\" class=\"wp-image-96 size-medium\" src=\"https:\/\/spornritter.com\/wp-content\/uploads\/2018\/04\/burg_munkacs-300x258.jpg\" alt=\"\" width=\"300\" height=\"258\" srcset=\"https:\/\/spornritter.com\/wp-content\/uploads\/2018\/04\/burg_munkacs-300x258.jpg 300w, https:\/\/spornritter.com\/wp-content\/uploads\/2018\/04\/burg_munkacs.jpg 700w\" sizes=\"auto, (max-width: 300px) 100vw, 300px\" \/><\/a><figcaption id=\"caption-attachment-96\" class=\"wp-caption-text\">Burg Munkacs in der Ukraine<\/figcaption><\/figure>\n<figure id=\"attachment_90\" aria-describedby=\"caption-attachment-90\" style=\"width: 300px\" class=\"wp-caption alignnone\"><a href=\"https:\/\/spornritter.com\/wp-content\/uploads\/2018\/04\/burg_csobanc.jpg\"><img loading=\"lazy\" decoding=\"async\" class=\"wp-image-90 size-medium\" src=\"https:\/\/spornritter.com\/wp-content\/uploads\/2018\/04\/burg_csobanc-300x206.jpg\" alt=\"\" width=\"300\" height=\"206\" srcset=\"https:\/\/spornritter.com\/wp-content\/uploads\/2018\/04\/burg_csobanc-300x206.jpg 300w, https:\/\/spornritter.com\/wp-content\/uploads\/2018\/04\/burg_csobanc.jpg 700w\" sizes=\"auto, (max-width: 300px) 100vw, 300px\" \/><\/a><figcaption id=\"caption-attachment-90\" class=\"wp-caption-text\">Burg Csobanc in Ungarn<\/figcaption><\/figure>\n<p>&nbsp;<\/p>\n<p>&nbsp;<\/p>\n","protected":false},"excerpt":{"rendered":"<p>Diese Seite hier soll einen kleinen Einblick geben \u00fcber den Ritterorden vom Goldenen Sporn bis zu seiner Aufl\u00f6sung 1916. Die Goldenen Spornritter stammten aus adeligen Familien und wurden haupts\u00e4chlich w\u00e4hrend der Kr\u00f6nungsfeiern der ungarischen K\u00f6nige zum Ritter geschlagen. Auf und Ab, Hoch und Tiefs, umgeben von h\u00f6fischem Leben oder auf dem Schlachtfeld, so wie die [&hellip;]<\/p>\n","protected":false},"author":1,"featured_media":0,"parent":0,"menu_order":0,"comment_status":"closed","ping_status":"closed","template":"","meta":{"footnotes":""},"class_list":["post-73","page","type-page","status-publish","hentry"],"_links":{"self":[{"href":"https:\/\/spornritter.com\/index.php\/wp-json\/wp\/v2\/pages\/73","targetHints":{"allow":["GET"]}}],"collection":[{"href":"https:\/\/spornritter.com\/index.php\/wp-json\/wp\/v2\/pages"}],"about":[{"href":"https:\/\/spornritter.com\/index.php\/wp-json\/wp\/v2\/types\/page"}],"author":[{"embeddable":true,"href":"https:\/\/spornritter.com\/index.php\/wp-json\/wp\/v2\/users\/1"}],"replies":[{"embeddable":true,"href":"https:\/\/spornritter.com\/index.php\/wp-json\/wp\/v2\/comments?post=73"}],"version-history":[{"count":9,"href":"https:\/\/spornritter.com\/index.php\/wp-json\/wp\/v2\/pages\/73\/revisions"}],"predecessor-version":[{"id":247,"href":"https:\/\/spornritter.com\/index.php\/wp-json\/wp\/v2\/pages\/73\/revisions\/247"}],"wp:attachment":[{"href":"https:\/\/spornritter.com\/index.php\/wp-json\/wp\/v2\/media?parent=73"}],"curies":[{"name":"wp","href":"https:\/\/api.w.org\/{rel}","templated":true}]}}