{"id":714,"date":"2023-05-28T08:41:39","date_gmt":"2023-05-28T08:41:39","guid":{"rendered":"https:\/\/spornritter.com\/?page_id=714"},"modified":"2023-06-04T19:30:11","modified_gmt":"2023-06-04T19:30:11","slug":"investitur-am-27-05-2023-in-hohenems-a","status":"publish","type":"page","link":"https:\/\/spornritter.com\/index.php\/investitur-am-27-05-2023-in-hohenems-a\/","title":{"rendered":"Investitur am 27.05.2023 in Hohenems (A)"},"content":{"rendered":"\n<p><a href=\"https:\/\/spornritter.com\/wp-content\/uploads\/2023\/05\/IMG_8021-scaled.jpg\"><img loading=\"lazy\" decoding=\"async\" class=\"alignleft wp-image-719 size-full\" src=\"https:\/\/spornritter.com\/wp-content\/uploads\/2023\/05\/IMG_8021-scaled.jpg\" alt=\"\" width=\"2560\" height=\"1707\" srcset=\"https:\/\/spornritter.com\/wp-content\/uploads\/2023\/05\/IMG_8021-scaled.jpg 2560w, https:\/\/spornritter.com\/wp-content\/uploads\/2023\/05\/IMG_8021-300x200.jpg 300w, https:\/\/spornritter.com\/wp-content\/uploads\/2023\/05\/IMG_8021-1024x683.jpg 1024w, https:\/\/spornritter.com\/wp-content\/uploads\/2023\/05\/IMG_8021-768x512.jpg 768w, https:\/\/spornritter.com\/wp-content\/uploads\/2023\/05\/IMG_8021-1536x1024.jpg 1536w, https:\/\/spornritter.com\/wp-content\/uploads\/2023\/05\/IMG_8021-2048x1365.jpg 2048w\" sizes=\"auto, (max-width: 2560px) 100vw, 2560px\" \/><\/a><\/p>\n\n\n\n<p><\/p>\n\n\n\n<p>Text und Bilder: Ritter Fabian Coulot, Prior von Basel-Stadt (CH)<\/p>\n\n\n\n<div class=\"wp-block-image\"><figure class=\"alignleft size-full\"><img loading=\"lazy\" decoding=\"async\" width=\"220\" height=\"236\" src=\"https:\/\/spornritter.com\/wp-content\/uploads\/2023\/05\/Wappen_Waldburg-Zeil.png\" alt=\"\" class=\"wp-image-718\"\/><\/figure><\/div>\n\n\n\n<p><\/p>\n\n\n\n<p>Am Samstag, 27. Mai 2023 fand in Hohenems (A) in Vorarlberg unweit der Schweizer Grenze die Investitur des Ritterorden vom Goldenen Sporn statt. Der Gottesdienst mit Ritterschlag, Fahnenweihe und Ernennungen wurde in der Sankt Anton Kapelle in Hohenems abgehalten. Vikar Vitus Graf von Waldburg-Zeil zelebrierte den Gottesdienst. Neben dem Grossmeister SKKH Sandor Habsburg-Lothringen und seiner Gattin Herta Habsburg-Lothringen die Pr\u00e4sidentin der Friedensf\u00f6rderung Flamme des Friedens wohnte Franz Clemens Graf von Waldburg-Zeil und seine Gattin Stefanie Gr\u00e4fin von Waldburg-Zeil der Zeremonie bei.<\/p>\n\n\n\n<p>Zahlreiche Vertreter von Ritterorden und Traditionsvereinigungen zeigten als G\u00e4ste ihr Referenz. Nach der Investitur zog der Zug mit den Fahnen voraus zum Palast Hohenems, dem Wohnsitz der gr\u00e4flichen Familie. Vor dem Nachtessen f\u00fchrten Gr\u00e4fin und Graf Waldburg-Zeil die zahlreichen G\u00e4ste in zwei Gruppen durch den Palast. Ein wahnsinniges Engagement der gr\u00e4flichen Familie sich mit dem&#8220;alten Kasten&#8220; , aber geschichtstr\u00e4chtige Gem\u00e4uer befassen zu d\u00fcrfen. Beim geschichtlichen Rundgang im Palast wurde einige Mal der Name eines Ur-Ahnen Graf Jakob Hannibal I. von Hohenems (13.05.1530 &#8211; 27.12.1587) erw\u00e4hnt. Unter seiner Herrschaft stiegen die Herren von Hohenems in den Grafenstand und wurden zu einer politischen Macht im Alpenrheintal. In der St.Karls Kirche neben dem Palast befindet sich \u00fcber dem Eingangsportal der Kirche die Statue des Grafen. F\u00fcr mich als Prior im Ritterorden vom Goldenen Spor besonders von Interesse gepr\u00e4gt, da die Namen der gr\u00e4flichen Familie auch in meinem Stammbaum vorhanden ist. Jakob Hanibal I. hat folgenden Verwandtschaftsgrad zu mir: <em>(*Enkel des 4xUr-Grossonkel 2.Grades der Ehefrau des 2xUr-Grossonkel 14. Grades der Ehefrau des Ur-Grossonkel 5.Grades der Schw\u00e4gerin der Ehefrau des Ur-Grossneffen des 2xUr-Grossonkel durch Heirat)<\/em><\/p>\n\n\n\n<p><a href=\"https:\/\/myalbum.com\/album\/DyPVeTB2rKnP\/\">zur Bildergalerie<\/a> (von Fabian Coulot)<\/p>\n\n\n\n<p><a href=\"https:\/\/eu.zonerama.com\/Medien\/Album\/9877761\">zur Bildergalerie Kaisermuseum<\/a> (von Birgit Sackl)<\/p>\n\n\n\n<p><a href=\"https:\/\/eu.zonerama.com\/Medien\/Album\/9877816\">zur Bildergalerie Palastf\u00fchrung<\/a> (von Birgit Sackl)<\/p>\n\n\n\n<p><a href=\"https:\/\/eu.zonerama.com\/Medien\/Album\/9877503\">zur Bildergalerie Investitur<\/a>  (von Birgit Sackl)<\/p>\n\n\n\n<p><a href=\"https:\/\/eu.zonerama.com\/Medien\/Album\/9876945\">zur Bildergalerie Investitur<\/a>  (von Anton Amann)<\/p>\n\n\n\n<p><a href=\"https:\/\/eu.zonerama.com\/Medien\/Album\/9877461\">zur Bildergalerie Investitur<\/a>  (Angelika \u00d6sterle)<\/p>\n","protected":false},"excerpt":{"rendered":"<p>Text und Bilder: Ritter Fabian Coulot, Prior von Basel-Stadt (CH) Am Samstag, 27. Mai 2023 fand in Hohenems (A) in Vorarlberg unweit der Schweizer Grenze die Investitur des Ritterorden vom Goldenen Sporn statt. Der Gottesdienst mit Ritterschlag, Fahnenweihe und Ernennungen wurde in der Sankt Anton Kapelle in Hohenems abgehalten. Vikar Vitus Graf von Waldburg-Zeil zelebrierte [&hellip;]<\/p>\n","protected":false},"author":1,"featured_media":0,"parent":0,"menu_order":0,"comment_status":"closed","ping_status":"closed","template":"","meta":{"footnotes":""},"class_list":["post-714","page","type-page","status-publish","hentry"],"_links":{"self":[{"href":"https:\/\/spornritter.com\/index.php\/wp-json\/wp\/v2\/pages\/714","targetHints":{"allow":["GET"]}}],"collection":[{"href":"https:\/\/spornritter.com\/index.php\/wp-json\/wp\/v2\/pages"}],"about":[{"href":"https:\/\/spornritter.com\/index.php\/wp-json\/wp\/v2\/types\/page"}],"author":[{"embeddable":true,"href":"https:\/\/spornritter.com\/index.php\/wp-json\/wp\/v2\/users\/1"}],"replies":[{"embeddable":true,"href":"https:\/\/spornritter.com\/index.php\/wp-json\/wp\/v2\/comments?post=714"}],"version-history":[{"count":13,"href":"https:\/\/spornritter.com\/index.php\/wp-json\/wp\/v2\/pages\/714\/revisions"}],"predecessor-version":[{"id":739,"href":"https:\/\/spornritter.com\/index.php\/wp-json\/wp\/v2\/pages\/714\/revisions\/739"}],"wp:attachment":[{"href":"https:\/\/spornritter.com\/index.php\/wp-json\/wp\/v2\/media?parent=714"}],"curies":[{"name":"wp","href":"https:\/\/api.w.org\/{rel}","templated":true}]}}