{"id":108,"date":"2018-04-06T18:26:17","date_gmt":"2018-04-06T18:26:17","guid":{"rendered":"https:\/\/spornritter.com\/?page_id=108"},"modified":"2018-04-06T18:33:18","modified_gmt":"2018-04-06T18:33:18","slug":"insignien","status":"publish","type":"page","link":"https:\/\/spornritter.com\/index.php\/insignien\/","title":{"rendered":"Insignien"},"content":{"rendered":"<p><span class=\"style11\"><span style=\"font-family: arial, helvetica, sans-serif; font-size: 12pt;\">Das Zeremonienschwert ist eine Reblika des Kr\u00f6nungsschwertes der Ungarischen Kr\u00f6nungsinsignien.<\/span><br \/>\n<\/span><\/p>\n<p><a href=\"https:\/\/spornritter.com\/wp-content\/uploads\/2018\/04\/Schwert1.gif\"><img loading=\"lazy\" decoding=\"async\" class=\"alignleft wp-image-107 size-medium\" src=\"https:\/\/spornritter.com\/wp-content\/uploads\/2018\/04\/Schwert1-300x103.gif\" alt=\"\" width=\"300\" height=\"103\" \/><\/a><\/p>\n<p>&nbsp;<\/p>\n<p>&nbsp;<\/p>\n<p>&nbsp;<\/p>\n<p><span style=\"font-family: arial, helvetica, sans-serif; font-size: 12pt;\">Das Original befindet mit den anderen Kr\u00f6nungsinsignien im Parlament von Budapest.<\/span><\/p>\n<p><a href=\"https:\/\/spornritter.com\/wp-content\/uploads\/2018\/04\/Insignien_3.jpg\"><img loading=\"lazy\" decoding=\"async\" class=\"alignnone size-thumbnail wp-image-106\" src=\"https:\/\/spornritter.com\/wp-content\/uploads\/2018\/04\/Insignien_3-150x150.jpg\" alt=\"\" width=\"150\" height=\"150\" \/><\/a> <a href=\"https:\/\/spornritter.com\/wp-content\/uploads\/2018\/04\/Insignien_2.jpg\"><img loading=\"lazy\" decoding=\"async\" class=\"alignnone size-thumbnail wp-image-105\" src=\"https:\/\/spornritter.com\/wp-content\/uploads\/2018\/04\/Insignien_2-150x150.jpg\" alt=\"\" width=\"150\" height=\"150\" \/><\/a> <a href=\"https:\/\/spornritter.com\/wp-content\/uploads\/2018\/04\/Insignien_1.jpg\"><img loading=\"lazy\" decoding=\"async\" class=\"alignnone size-thumbnail wp-image-104\" src=\"https:\/\/spornritter.com\/wp-content\/uploads\/2018\/04\/Insignien_1-150x150.jpg\" alt=\"\" width=\"150\" height=\"150\" srcset=\"https:\/\/spornritter.com\/wp-content\/uploads\/2018\/04\/Insignien_1-150x150.jpg 150w, https:\/\/spornritter.com\/wp-content\/uploads\/2018\/04\/Insignien_1-298x300.jpg 298w, https:\/\/spornritter.com\/wp-content\/uploads\/2018\/04\/Insignien_1.jpg 596w\" sizes=\"auto, (max-width: 150px) 100vw, 150px\" \/><\/a><\/p>\n<p>&nbsp;<\/p>\n<table style=\"height: 40px;\" width=\"580\">\n<tbody>\n<tr>\n<td style=\"width: 282px;\"><a href=\"https:\/\/spornritter.com\/wp-content\/uploads\/2018\/04\/Halsorden_1916.jpg\"><img loading=\"lazy\" decoding=\"async\" class=\"wp-image-100 size-medium alignleft\" src=\"https:\/\/spornritter.com\/wp-content\/uploads\/2018\/04\/Halsorden_1916-154x300.jpg\" alt=\"\" width=\"154\" height=\"300\" srcset=\"https:\/\/spornritter.com\/wp-content\/uploads\/2018\/04\/Halsorden_1916-154x300.jpg 154w, https:\/\/spornritter.com\/wp-content\/uploads\/2018\/04\/Halsorden_1916.jpg 307w\" sizes=\"auto, (max-width: 154px) 100vw, 154px\" \/><\/a><\/td>\n<td style=\"width: 282px;\"><span style=\"font-family: arial, helvetica, sans-serif; font-size: 12pt;\">1918 schreibt ein kaiserliches Dekret vor, dass die &#8222;Goldenen Spornritter&#8220; eine eigens f\u00fcr sie geschaffenes Erinnerungs Ordenszeichen erhalten sollen. Graf Crernyn, Aussenminister, war beteiligt bei diesem Vorstoss. Das Ehrenzeichen ist auf dem Ordensband des St.Stefan-Ordens zu tragen. Ein Doppelkreuz umrahmt von einem gr\u00fcnen Drachen.<\/span><\/td>\n<\/tr>\n<\/tbody>\n<\/table>\n<p>&nbsp;<\/p>\n<figure id=\"attachment_103\" aria-describedby=\"caption-attachment-103\" style=\"width: 228px\" class=\"wp-caption alignleft\"><a href=\"https:\/\/spornritter.com\/wp-content\/uploads\/2018\/04\/Halsorden_Spornritter_Ritter.jpg\"><img loading=\"lazy\" decoding=\"async\" class=\"wp-image-103 size-medium\" src=\"https:\/\/spornritter.com\/wp-content\/uploads\/2018\/04\/Halsorden_Spornritter_Ritter-228x300.jpg\" alt=\"\" width=\"228\" height=\"300\" srcset=\"https:\/\/spornritter.com\/wp-content\/uploads\/2018\/04\/Halsorden_Spornritter_Ritter-228x300.jpg 228w, https:\/\/spornritter.com\/wp-content\/uploads\/2018\/04\/Halsorden_Spornritter_Ritter.jpg 754w\" sizes=\"auto, (max-width: 228px) 100vw, 228px\" \/><\/a><figcaption id=\"caption-attachment-103\" class=\"wp-caption-text\">Ritter<\/figcaption><\/figure>\n<figure id=\"attachment_102\" aria-describedby=\"caption-attachment-102\" style=\"width: 172px\" class=\"wp-caption alignleft\"><a href=\"https:\/\/spornritter.com\/wp-content\/uploads\/2018\/04\/Halsorden_Spornritter_Priore.jpg\"><img loading=\"lazy\" decoding=\"async\" class=\"wp-image-102 size-medium\" src=\"https:\/\/spornritter.com\/wp-content\/uploads\/2018\/04\/Halsorden_Spornritter_Priore-172x300.jpg\" alt=\"\" width=\"172\" height=\"300\" srcset=\"https:\/\/spornritter.com\/wp-content\/uploads\/2018\/04\/Halsorden_Spornritter_Priore-172x300.jpg 172w, https:\/\/spornritter.com\/wp-content\/uploads\/2018\/04\/Halsorden_Spornritter_Priore-768x1338.jpg 768w, https:\/\/spornritter.com\/wp-content\/uploads\/2018\/04\/Halsorden_Spornritter_Priore-588x1024.jpg 588w\" sizes=\"auto, (max-width: 172px) 100vw, 172px\" \/><\/a><figcaption id=\"caption-attachment-102\" class=\"wp-caption-text\">Priore<\/figcaption><\/figure>\n<figure id=\"attachment_101\" aria-describedby=\"caption-attachment-101\" style=\"width: 157px\" class=\"wp-caption alignleft\"><a href=\"https:\/\/spornritter.com\/wp-content\/uploads\/2018\/04\/Halsorden_Spornritter_Kanzler_Grossprior.jpg\"><img loading=\"lazy\" decoding=\"async\" class=\"wp-image-101 size-medium\" src=\"https:\/\/spornritter.com\/wp-content\/uploads\/2018\/04\/Halsorden_Spornritter_Kanzler_Grossprior-157x300.jpg\" alt=\"\" width=\"157\" height=\"300\" srcset=\"https:\/\/spornritter.com\/wp-content\/uploads\/2018\/04\/Halsorden_Spornritter_Kanzler_Grossprior-157x300.jpg 157w, https:\/\/spornritter.com\/wp-content\/uploads\/2018\/04\/Halsorden_Spornritter_Kanzler_Grossprior-535x1024.jpg 535w, https:\/\/spornritter.com\/wp-content\/uploads\/2018\/04\/Halsorden_Spornritter_Kanzler_Grossprior.jpg 755w\" sizes=\"auto, (max-width: 157px) 100vw, 157px\" \/><\/a><figcaption id=\"caption-attachment-101\" class=\"wp-caption-text\">Kanzler, Grosspriore<\/figcaption><\/figure>\n<p>&nbsp;<\/p>\n","protected":false},"excerpt":{"rendered":"<p>Das Zeremonienschwert ist eine Reblika des Kr\u00f6nungsschwertes der Ungarischen Kr\u00f6nungsinsignien. &nbsp; &nbsp; &nbsp; Das Original befindet mit den anderen Kr\u00f6nungsinsignien im Parlament von Budapest. &nbsp; 1918 schreibt ein kaiserliches Dekret vor, dass die &#8222;Goldenen Spornritter&#8220; eine eigens f\u00fcr sie geschaffenes Erinnerungs Ordenszeichen erhalten sollen. Graf Crernyn, Aussenminister, war beteiligt bei diesem Vorstoss. Das Ehrenzeichen ist [&hellip;]<\/p>\n","protected":false},"author":1,"featured_media":0,"parent":0,"menu_order":0,"comment_status":"closed","ping_status":"closed","template":"","meta":{"footnotes":""},"class_list":["post-108","page","type-page","status-publish","hentry"],"_links":{"self":[{"href":"https:\/\/spornritter.com\/index.php\/wp-json\/wp\/v2\/pages\/108","targetHints":{"allow":["GET"]}}],"collection":[{"href":"https:\/\/spornritter.com\/index.php\/wp-json\/wp\/v2\/pages"}],"about":[{"href":"https:\/\/spornritter.com\/index.php\/wp-json\/wp\/v2\/types\/page"}],"author":[{"embeddable":true,"href":"https:\/\/spornritter.com\/index.php\/wp-json\/wp\/v2\/users\/1"}],"replies":[{"embeddable":true,"href":"https:\/\/spornritter.com\/index.php\/wp-json\/wp\/v2\/comments?post=108"}],"version-history":[{"count":6,"href":"https:\/\/spornritter.com\/index.php\/wp-json\/wp\/v2\/pages\/108\/revisions"}],"predecessor-version":[{"id":114,"href":"https:\/\/spornritter.com\/index.php\/wp-json\/wp\/v2\/pages\/108\/revisions\/114"}],"wp:attachment":[{"href":"https:\/\/spornritter.com\/index.php\/wp-json\/wp\/v2\/media?parent=108"}],"curies":[{"name":"wp","href":"https:\/\/api.w.org\/{rel}","templated":true}]}}