{"id":1046,"date":"2026-04-19T11:48:21","date_gmt":"2026-04-19T11:48:21","guid":{"rendered":"https:\/\/spornritter.com\/?page_id=1046"},"modified":"2026-04-19T12:10:26","modified_gmt":"2026-04-19T12:10:26","slug":"18-04-2026-investitur-in-schwaz-im-tirol-a","status":"publish","type":"page","link":"https:\/\/spornritter.com\/index.php\/18-04-2026-investitur-in-schwaz-im-tirol-a\/","title":{"rendered":"18.04.2026 &#8211; Investitur in Schwaz im Tirol (A)"},"content":{"rendered":"\n<p style=\"text-align: center;\">Der Ritterorden wurde mit den beiden Grosspriorate Deutschland und Spanien vergr\u00f6ssert.<\/p>\n\n\n\n<p><a href=\"https:\/\/spornritter.com\/wp-content\/uploads\/2026\/04\/IMG_5805-scaled.jpg\"><img loading=\"lazy\" decoding=\"async\" class=\"wp-image-1056 size-large aligncenter\" src=\"https:\/\/spornritter.com\/wp-content\/uploads\/2026\/04\/IMG_5805-1024x683.jpg\" alt=\"\" width=\"640\" height=\"427\" srcset=\"https:\/\/spornritter.com\/wp-content\/uploads\/2026\/04\/IMG_5805-1024x683.jpg 1024w, https:\/\/spornritter.com\/wp-content\/uploads\/2026\/04\/IMG_5805-300x200.jpg 300w, https:\/\/spornritter.com\/wp-content\/uploads\/2026\/04\/IMG_5805-768x512.jpg 768w, https:\/\/spornritter.com\/wp-content\/uploads\/2026\/04\/IMG_5805-1536x1024.jpg 1536w, https:\/\/spornritter.com\/wp-content\/uploads\/2026\/04\/IMG_5805-2048x1365.jpg 2048w\" sizes=\"auto, (max-width: 640px) 100vw, 640px\" \/><\/a><\/p>\n\n\n\n<p>Am Fusse der Burgkirche St. Sebastian und Rochus in der Franziskaner Klosterkirche fand die erste Investitur dieses Jahres in der Silberminenstadt Schwaz im Tirol (A) statt. Ein Gang durch das Dorf am Inn entlang zeigte die Heilige Barbara ihre Pr\u00e4senz, ist sie nicht nur von der Artillerie, sondern der Bergleute der Silbermine, deren Schutzpatronin.<\/p>\n<p>Nach dem Konvent vom Vormittag im &#8222;Gasthof Das Marschall&#8220; in Stans (A) wurde die Investitur am Nachmittag in der Franziskanerkirche des Klosters in Schwaz (A) unter zahlreichen G\u00e4ste und Vertreter befreundeter Verb\u00e4nde durchgef\u00fchrt. Mit Deutschland und Spanien wurden zwei neue Grosspriorate installiert.<\/p>\n\n\n\n<p><a href=\"https:\/\/myalbum.com\/album\/DLJRiibpbhizjr\/\">Erste Impressionen online &#8211; weitere Texte und Bilder folgen.<\/a><\/p>\n\n\n","protected":false},"excerpt":{"rendered":"<p>Der Ritterorden wurde mit den beiden Grosspriorate Deutschland und Spanien vergr\u00f6ssert. Am Fusse der Burgkirche St. Sebastian und Rochus in der Franziskaner Klosterkirche fand die erste Investitur dieses Jahres in der Silberminenstadt Schwaz im Tirol (A) statt. Ein Gang durch das Dorf am Inn entlang zeigte die Heilige Barbara ihre Pr\u00e4senz, ist sie nicht nur [&hellip;]<\/p>\n","protected":false},"author":1,"featured_media":0,"parent":0,"menu_order":0,"comment_status":"closed","ping_status":"closed","template":"","meta":{"footnotes":""},"class_list":["post-1046","page","type-page","status-publish","hentry"],"_links":{"self":[{"href":"https:\/\/spornritter.com\/index.php\/wp-json\/wp\/v2\/pages\/1046","targetHints":{"allow":["GET"]}}],"collection":[{"href":"https:\/\/spornritter.com\/index.php\/wp-json\/wp\/v2\/pages"}],"about":[{"href":"https:\/\/spornritter.com\/index.php\/wp-json\/wp\/v2\/types\/page"}],"author":[{"embeddable":true,"href":"https:\/\/spornritter.com\/index.php\/wp-json\/wp\/v2\/users\/1"}],"replies":[{"embeddable":true,"href":"https:\/\/spornritter.com\/index.php\/wp-json\/wp\/v2\/comments?post=1046"}],"version-history":[{"count":4,"href":"https:\/\/spornritter.com\/index.php\/wp-json\/wp\/v2\/pages\/1046\/revisions"}],"predecessor-version":[{"id":1058,"href":"https:\/\/spornritter.com\/index.php\/wp-json\/wp\/v2\/pages\/1046\/revisions\/1058"}],"wp:attachment":[{"href":"https:\/\/spornritter.com\/index.php\/wp-json\/wp\/v2\/media?parent=1046"}],"curies":[{"name":"wp","href":"https:\/\/api.w.org\/{rel}","templated":true}]}}